{"id":74,"date":"2020-08-15T06:06:44","date_gmt":"2020-08-15T06:06:44","guid":{"rendered":"https:\/\/tirehs.com\/contacts\/"},"modified":"2026-03-01T21:06:39","modified_gmt":"2026-03-01T21:06:39","slug":"contacto","status":"publish","type":"page","link":"https:\/\/tirehs.com\/fr\/contacto\/","title":{"rendered":"CONTACTO"},"content":{"rendered":"<div data-elementor-type=\"wp-page\" data-elementor-id=\"74\" class=\"elementor elementor-74\" data-elementor-post-type=\"page\">\n\t\t\t\t<div class=\"aux-parallax-section has_ae_slider elementor-element elementor-element-82b7dcb e-con-full e-flex ae-bg-gallery-type-default e-con e-parent\" data-particle_enable=\"false\" data-particle-mobile-disabled=\"false\" data-id=\"82b7dcb\" data-element_type=\"container\" data-e-type=\"container\">\n\t\t\t\t<div class=\"elementor-element elementor-element-70dd405 exad-sticky-section-no exad-glass-effect-no elementor-widget elementor-widget-google_maps\" data-id=\"70dd405\" data-element_type=\"widget\" data-e-type=\"widget\" data-widget_type=\"google_maps.default\">\n\t\t\t\t<div class=\"elementor-widget-container\">\n\t\t\t\t\t\t\t<div class=\"elementor-custom-embed\">\n\t\t\t<iframe loading=\"lazy\"\n\t\t\t\t\tsrc=\"https:\/\/maps.google.com\/maps?q=Av.%20Barcel%C3%B3%201%2C%20Punta%20Cana%2023000%2C%20Dominican%20Republic&#038;t=m&#038;z=14&#038;output=embed&#038;iwloc=near\"\n\t\t\t\t\ttitle=\"Av. Barcel\u00f3 1, Punta Cana 23000, Dominican Republic\"\n\t\t\t\t\taria-label=\"Av. Barcel\u00f3 1, Punta Cana 23000, Dominican Republic\"\n\t\t\t><\/iframe>\n\t\t<\/div>\n\t\t\t\t\t\t<\/div>\n\t\t\t\t<\/div>\n\t\t\t\t<\/div>\n\t\t<div class=\"aux-parallax-section has_ae_slider elementor-element elementor-element-21f4dbc e-flex e-con-boxed ae-bg-gallery-type-default e-con e-parent\" data-particle_enable=\"false\" data-particle-mobile-disabled=\"false\" data-id=\"21f4dbc\" data-element_type=\"container\" data-e-type=\"container\">\n\t\t\t\t\t<div class=\"e-con-inner\">\n\t\t<div data-particle_enable=\"false\" data-particle-mobile-disabled=\"false\" class=\"has_ae_slider elementor-element elementor-element-17fb434 e-con-full e-flex ae-bg-gallery-type-default e-con e-child\" data-id=\"17fb434\" data-element_type=\"container\" data-e-type=\"container\" data-settings=\"{&quot;background_background&quot;:&quot;classic&quot;}\">\n\t\t\t\t<\/div>\n\t\t<div data-particle_enable=\"false\" data-particle-mobile-disabled=\"false\" class=\"has_ae_slider elementor-element elementor-element-f964a22 e-con-full e-flex ae-bg-gallery-type-default e-con e-child\" data-id=\"f964a22\" data-element_type=\"container\" data-e-type=\"container\">\n\t\t\t\t<div class=\"elementor-element elementor-element-c195117 aux-appear-watch-animation aux-fade-in-up-1 exad-sticky-section-no exad-glass-effect-no elementor-widget elementor-widget-aux_modern_heading\" data-id=\"c195117\" data-element_type=\"widget\" data-e-type=\"widget\" data-widget_type=\"aux_modern_heading.default\">\n\t\t\t\t<div class=\"elementor-widget-container\">\n\t\t\t\t\t<section class=\"aux-widget-modern-heading\">\n            <div class=\"aux-widget-inner\"><h2 class=\"aux-modern-heading-primary\">Des Questions?<\/h2><h3 class=\"aux-modern-heading-secondary\"><span class=\"aux-head-highlight\">Ici Pour Vous Aider!<\/span><\/h3><div class=\"aux-modern-heading-description\"><p class=\"wp-block-heading has-medium-blue-color has-text-color has-link-color wp-elements-a25f7b139133e511bc0e341183c3ddd4\">N\u2019h\u00e9sitez pas \u00e0 nous contacter pour obtenir plus d\u2019informations sur nos produits et services et\/ou pour toute autre question que vous pourriez avoir.<\/p><\/div><\/div>\n        <\/section>\t\t\t\t<\/div>\n\t\t\t\t<\/div>\n\t\t\t\t<div class=\"elementor-element elementor-element-c22f0cb aux-appear-watch-animation aux-fade-in-up-1 exad-sticky-section-no exad-glass-effect-no elementor-widget elementor-widget-aux_contact_form\" data-id=\"c22f0cb\" data-element_type=\"widget\" data-e-type=\"widget\" data-widget_type=\"aux_contact_form.default\">\n\t\t\t\t<div class=\"elementor-widget-container\">\n\t\t\t\t\t<section class=\"widget-container aux-widget-contact-form aux-parent-au863acd7e\">            <div class=\"aux-col-wrapper aux-no-gutter\">\n            <!-- @TODO - The output for element here -->\n\n            \n<div class=\"wpcf7 no-js\" id=\"wpcf7-f85-o1\" lang=\"en-US\" dir=\"ltr\" data-wpcf7-id=\"85\">\n<div class=\"screen-reader-response\"><p role=\"status\" aria-live=\"polite\" aria-atomic=\"true\"><\/p> <ul><\/ul><\/div>\n<form action=\"\/fr\/wp-json\/wp\/v2\/pages\/74#wpcf7-f85-o1\" method=\"post\" class=\"wpcf7-form init\" aria-label=\"Contact form\" novalidate=\"novalidate\" data-status=\"init\" data-trp-original-action=\"\/fr\/wp-json\/wp\/v2\/pages\/74#wpcf7-f85-o1\">\n<fieldset class=\"hidden-fields-container\"><input type=\"hidden\" name=\"_wpcf7\" value=\"85\" \/><input type=\"hidden\" name=\"_wpcf7_version\" value=\"6.1.5\" \/><input type=\"hidden\" name=\"_wpcf7_locale\" value=\"en_US\" \/><input type=\"hidden\" name=\"_wpcf7_unit_tag\" value=\"wpcf7-f85-o1\" \/><input type=\"hidden\" name=\"_wpcf7_container_post\" value=\"0\" \/><input type=\"hidden\" name=\"_wpcf7_posted_data_hash\" value=\"\" \/>\n<\/fieldset>\n<div class=\"aux-nextto\">\n<span class=\"wpcf7-form-control-wrap\" data-name=\"text-939\"><input size=\"40\" maxlength=\"400\" class=\"wpcf7-form-control wpcf7-text wpcf7-validates-as-required\" aria-required=\"true\" aria-invalid=\"false\" placeholder=\"Pr\u00e9nom\" value=\"\" type=\"text\" name=\"text-939\" \/><\/span>\n<span class=\"wpcf7-form-control-wrap\" data-name=\"text-938\"><input size=\"40\" maxlength=\"400\" class=\"wpcf7-form-control wpcf7-text wpcf7-validates-as-required\" aria-required=\"true\" aria-invalid=\"false\" placeholder=\"Nom\" value=\"\" type=\"text\" name=\"text-938\" \/><\/span>\n<span class=\"wpcf7-form-control-wrap\" data-name=\"tel-857\"><input size=\"40\" maxlength=\"400\" class=\"wpcf7-form-control wpcf7-tel wpcf7-validates-as-required wpcf7-text wpcf7-validates-as-tel\" aria-required=\"true\" aria-invalid=\"false\" placeholder=\"T\u00e9l\u00e9phone :\" value=\"\" type=\"tel\" name=\"tel-857\" \/><\/span>\n<\/div>\n<span class=\"wpcf7-form-control-wrap\" data-name=\"email-569\"><input size=\"40\" maxlength=\"400\" class=\"wpcf7-form-control wpcf7-email wpcf7-validates-as-required wpcf7-text wpcf7-validates-as-email\" aria-required=\"true\" aria-invalid=\"false\" placeholder=\"Email\" value=\"\" type=\"email\" name=\"email-569\" \/><\/span>\n<span class=\"wpcf7-form-control-wrap\" data-name=\"text-937\"><input size=\"40\" maxlength=\"400\" class=\"wpcf7-form-control wpcf7-text wpcf7-validates-as-required\" aria-required=\"true\" aria-invalid=\"false\" placeholder=\"Sujet\" value=\"\" type=\"text\" name=\"text-937\" \/><\/span>\n<span class=\"wpcf7-form-control-wrap\" data-name=\"textarea-315\"><textarea cols=\"40\" rows=\"10\" maxlength=\"2000\" class=\"wpcf7-form-control wpcf7-textarea wpcf7-validates-as-required\" aria-required=\"true\" aria-invalid=\"false\" placeholder=\"Message\" name=\"textarea-315\"><\/textarea><\/span>\n<input class=\"wpcf7-form-control wpcf7-submit has-spinner\" type=\"submit\" value=\"Envoyer\" \/><div class=\"wpcf7-response-output\" aria-hidden=\"true\"><\/div>\n<input type=\"hidden\" name=\"trp-form-language\" value=\"fr\"\/><\/form>\n<\/div>\n\n\n            <\/div><!-- aux-col-wrapper -->\n    <\/section><!-- widget-container -->\t\t\t\t<\/div>\n\t\t\t\t<\/div>\n\t\t\t\t<\/div>\n\t\t\t\t\t<\/div>\n\t\t\t\t<\/div>\n\t\t<div class=\"aux-parallax-section has_ae_slider elementor-element elementor-element-75a33a3 e-flex e-con-boxed ae-bg-gallery-type-default e-con e-parent\" data-particle_enable=\"false\" data-particle-mobile-disabled=\"false\" data-id=\"75a33a3\" data-element_type=\"container\" data-e-type=\"container\">\n\t\t\t\t\t<div class=\"e-con-inner\">\n\t\t\t\t<div class=\"elementor-element elementor-element-b1dd5ce exad-sticky-section-no exad-glass-effect-no elementor-widget elementor-widget-spacer\" data-id=\"b1dd5ce\" data-element_type=\"widget\" data-e-type=\"widget\" data-widget_type=\"spacer.default\">\n\t\t\t\t<div class=\"elementor-widget-container\">\n\t\t\t\t\t\t\t<div class=\"elementor-spacer\">\n\t\t\t<div class=\"elementor-spacer-inner\"><\/div>\n\t\t<\/div>\n\t\t\t\t\t\t<\/div>\n\t\t\t\t<\/div>\n\t\t\t\t\t<\/div>\n\t\t\t\t<\/div>\n\t\t<div class=\"aux-parallax-section has_ae_slider elementor-element elementor-element-b68d282 e-flex e-con-boxed ae-bg-gallery-type-default e-con e-parent\" data-particle_enable=\"false\" data-particle-mobile-disabled=\"false\" data-id=\"b68d282\" data-element_type=\"container\" data-e-type=\"container\">\n\t\t\t\t\t<div class=\"e-con-inner\">\n\t\t<div data-particle_enable=\"false\" data-particle-mobile-disabled=\"false\" class=\"has_ae_slider elementor-element elementor-element-66811c6 e-con-full e-flex ae-bg-gallery-type-default e-con e-child\" data-id=\"66811c6\" data-element_type=\"container\" data-e-type=\"container\">\n\t\t\t\t<div class=\"elementor-element elementor-element-b6349a4 exad-sticky-section-no exad-glass-effect-no elementor-widget elementor-widget-text-editor\" data-id=\"b6349a4\" data-element_type=\"widget\" data-e-type=\"widget\" data-widget_type=\"text-editor.default\">\n\t\t\t\t<div class=\"elementor-widget-container\">\n\t\t\t\t\t\t\t\t\t<p style=\"text-align: left;\"><strong><span style=\"font-size: 14pt;\">Email :<\/span><br \/><\/strong>gomas@tirehs.com<br \/><strong><span style=\"font-size: 14pt;\">T\u00e9l\u00e9phone :<\/span><br \/><\/strong>849-478-6012<\/p>\t\t\t\t\t\t\t\t<\/div>\n\t\t\t\t<\/div>\n\t\t\t\t<\/div>\n\t\t<div data-particle_enable=\"false\" data-particle-mobile-disabled=\"false\" class=\"has_ae_slider elementor-element elementor-element-99b2889 e-con-full e-flex ae-bg-gallery-type-default e-con e-child\" data-id=\"99b2889\" data-element_type=\"container\" data-e-type=\"container\">\n\t\t\t\t<div class=\"elementor-element elementor-element-37dab7b exad-sticky-section-no exad-glass-effect-no elementor-widget elementor-widget-text-editor\" data-id=\"37dab7b\" data-element_type=\"widget\" data-e-type=\"widget\" data-widget_type=\"text-editor.default\">\n\t\t\t\t<div class=\"elementor-widget-container\">\n\t\t\t\t\t\t\t\t\t<p style=\"text-align: left;\"><strong><span style=\"font-size: 14pt;\">Adresse :<\/span><br \/><\/strong>Zona Industrial Ibercub<br \/>Nave I &#8211; Local 15, Ver\u00f3n &#8211; B\u00e1varo, Provincia La Altagracia.<\/p>\t\t\t\t\t\t\t\t<\/div>\n\t\t\t\t<\/div>\n\t\t\t\t<\/div>\n\t\t<div data-particle_enable=\"false\" data-particle-mobile-disabled=\"false\" class=\"has_ae_slider elementor-element elementor-element-42089d6 e-con-full e-flex ae-bg-gallery-type-default e-con e-child\" data-id=\"42089d6\" data-element_type=\"container\" data-e-type=\"container\">\n\t\t\t\t<div class=\"elementor-element elementor-element-4da246c exad-sticky-section-no exad-glass-effect-no elementor-widget elementor-widget-text-editor\" data-id=\"4da246c\" data-element_type=\"widget\" data-e-type=\"widget\" data-widget_type=\"text-editor.default\">\n\t\t\t\t<div class=\"elementor-widget-container\">\n\t\t\t\t\t\t\t\t\t<p style=\"text-align: left;\"><strong><span style=\"font-size: 14pt;\">Heures d'op\u00e9ration :<\/span><br \/>Lunes a Viernes:<\/strong> 8:00 am \u2013 6:00 pm<br data-start=\"6684\" data-end=\"6687\" \/><strong>S\u00e1bado:<\/strong> 8:00 am \u2013 12:00 pm<br data-start=\"6713\" data-end=\"6716\" \/><strong>Domingo:<\/strong> Cerrado<\/p>\t\t\t\t\t\t\t\t<\/div>\n\t\t\t\t<\/div>\n\t\t\t\t<\/div>\n\t\t\t\t\t<\/div>\n\t\t\t\t<\/div>\n\t\t\t\t<\/div>","protected":false},"excerpt":{"rendered":"<p>\u00bfPreguntas? \u00a1Aqu\u00ed para ayudarte! No dude en contactarnos para obtener m\u00e1s informaci\u00f3n sobre nuestros productos y servicios o cualquier otra consulta que pueda tener. Correo electr\u00f3nico: :gomas@tirehs.comTel\u00e9fono :849-478-6012 Direcci\u00f3n :Zona Industrial IbercubNave I &#8211; Local 15, Ver\u00f3n &#8211; B\u00e1varo, Provincia La Altagracia. Horario Comercial :Lunes a Viernes: 8:00 am \u2013 6:00 pmS\u00e1bado: 8:00 am \u2013 [&hellip;]<\/p>\n","protected":false},"author":1,"featured_media":0,"parent":0,"menu_order":0,"comment_status":"closed","ping_status":"closed","template":"templates\/page-builder-content.php","meta":{"footnotes":""},"class_list":["post-74","page","type-page","status-publish","hentry"],"_links":{"self":[{"href":"https:\/\/tirehs.com\/fr\/wp-json\/wp\/v2\/pages\/74","targetHints":{"allow":["GET"]}}],"collection":[{"href":"https:\/\/tirehs.com\/fr\/wp-json\/wp\/v2\/pages"}],"about":[{"href":"https:\/\/tirehs.com\/fr\/wp-json\/wp\/v2\/types\/page"}],"author":[{"embeddable":true,"href":"https:\/\/tirehs.com\/fr\/wp-json\/wp\/v2\/users\/1"}],"replies":[{"embeddable":true,"href":"https:\/\/tirehs.com\/fr\/wp-json\/wp\/v2\/comments?post=74"}],"version-history":[{"count":53,"href":"https:\/\/tirehs.com\/fr\/wp-json\/wp\/v2\/pages\/74\/revisions"}],"predecessor-version":[{"id":754,"href":"https:\/\/tirehs.com\/fr\/wp-json\/wp\/v2\/pages\/74\/revisions\/754"}],"wp:attachment":[{"href":"https:\/\/tirehs.com\/fr\/wp-json\/wp\/v2\/media?parent=74"}],"curies":[{"name":"wp","href":"https:\/\/api.w.org\/{rel}","templated":true}]}}