{"id":737,"date":"2026-03-01T19:40:15","date_gmt":"2026-03-01T19:40:15","guid":{"rendered":"https:\/\/tirehs.com\/?page_id=737"},"modified":"2026-03-01T20:24:22","modified_gmt":"2026-03-01T20:24:22","slug":"preguntas-frecuentes","status":"publish","type":"page","link":"https:\/\/tirehs.com\/fr\/preguntas-frecuentes\/","title":{"rendered":"Preguntas Frecuentes"},"content":{"rendered":"<div data-elementor-type=\"wp-page\" data-elementor-id=\"737\" class=\"elementor elementor-737\" data-elementor-post-type=\"page\">\n\t\t\t\t\t\t<section data-particle_enable=\"false\" data-particle-mobile-disabled=\"false\" class=\"has_ae_slider elementor-section elementor-top-section elementor-element elementor-element-68e0d95c elementor-section-stretched elementor-section-boxed elementor-section-height-default elementor-section-height-default exad-parallax-effect-no exad-background-color-change-no exad-glass-effect-no ae-bg-gallery-type-default exad-sticky-section-no\" data-exad-particle-enable=\"false\" data-id=\"68e0d95c\" data-element_type=\"section\" data-e-type=\"section\" data-settings=\"{&quot;background_background&quot;:&quot;classic&quot;,&quot;stretch_section&quot;:&quot;section-stretched&quot;}\">\n\t\t\t\t\t\t\t<div class=\"elementor-background-overlay\"><\/div>\n\t\t\t\t\t\t\t<div class=\"elementor-container elementor-column-gap-default\">\n\t\t\t\t\t<div class=\"aux-parallax-section has_ae_slider elementor-column elementor-col-100 elementor-top-column elementor-element elementor-element-7bde5f67 exad-glass-effect-no ae-bg-gallery-type-default exad-sticky-section-no\" data-id=\"7bde5f67\" data-element_type=\"column\" data-e-type=\"column\">\n\t\t\t<div class=\"elementor-widget-wrap elementor-element-populated\">\n\t\t\t\t\t\t<div class=\"elementor-element elementor-element-fabb3b4 exad-sticky-section-no exad-glass-effect-no elementor-widget elementor-widget-text-editor\" data-id=\"fabb3b4\" data-element_type=\"widget\" data-e-type=\"widget\" data-widget_type=\"text-editor.default\">\n\t\t\t\t<div class=\"elementor-widget-container\">\n\t\t\t\t\t\t\t\t\t<p data-start=\"668\" data-end=\"815\">Dans cette section, vous trouverez des r\u00e9ponses claires aux questions les plus fr\u00e9quentes concernant nos produits, nos processus d\u2019approvisionnement, nos livraisons et nos devis.<\/p>\t\t\t\t\t\t\t\t<\/div>\n\t\t\t\t<\/div>\n\t\t\t\t<section data-particle_enable=\"false\" data-particle-mobile-disabled=\"false\" class=\"has_ae_slider elementor-section elementor-inner-section elementor-element elementor-element-7e2f2db4 elementor-section-boxed elementor-section-height-default elementor-section-height-default exad-parallax-effect-no exad-background-color-change-no exad-glass-effect-no ae-bg-gallery-type-default exad-sticky-section-no\" data-exad-particle-enable=\"false\" data-id=\"7e2f2db4\" data-element_type=\"section\" data-e-type=\"section\">\n\t\t\t\t\t\t<div class=\"elementor-container elementor-column-gap-default\">\n\t\t\t\t\t<div class=\"aux-parallax-section has_ae_slider elementor-column elementor-col-100 elementor-inner-column elementor-element elementor-element-4ae27ce7 exad-glass-effect-no ae-bg-gallery-type-default exad-sticky-section-no\" data-id=\"4ae27ce7\" data-element_type=\"column\" data-e-type=\"column\">\n\t\t\t<div class=\"elementor-widget-wrap elementor-element-populated\">\n\t\t\t\t\t\t<div class=\"elementor-element elementor-element-12e7a028 exad-sticky-section-no exad-glass-effect-no elementor-widget elementor-widget-exad-exclusive-accordion\" data-id=\"12e7a028\" data-element_type=\"widget\" data-e-type=\"widget\" data-widget_type=\"exad-exclusive-accordion.default\">\n\t\t\t\t<div class=\"elementor-widget-container\">\n\t\t\t\t\t    \r\n        <div class=\"exad-accordion-items\">\r\n        \t\r\n                <div class=\"exad-accordion-single-item elementor-repeater-item-98a0078\">\r\n                    <div class=\"exad-accordion-title active-default\">\r\n\r\n\t\t\t\t\t\t\r\n                        <h3 class=\"exad-accordion-heading\">\r\n\t\t\t\t\t\t\r\n\t\t\t\t\t\t\tQuel type d\u2019entreprise est TireHS \/ GomasHS ?\t\t\t\t\t\t\t\r\n\t\t\t\t\t\t<\/h3>\r\n\r\n                                            <\/div>\r\n\r\n                    <div class=\"exad-accordion-content\">\r\n                        <div class=\"exad-accordion-content-wrapper has-image-no image-position-left\">\r\n                            <div class=\"exad-accordion-text\">\r\n                                <div> <p>TireHS \/ GomasHS est un distributeur de pneus en R\u00e9publique Dominicaine sp\u00e9cialis\u00e9 dans l\u2019approvisionnement en gros pour ateliers, centres de services m\u00e9caniques et flottes commerciales. Nous op\u00e9rons depuis Ver\u00f3n \u2013 B\u00e1varo avec une couverture \u00e0 Punta Cana et dans d\u2019autres r\u00e9gions du pays.<\/p><\/div>\r\n                                                            <\/div>\r\n\r\n                            \r\n                        <\/div>\r\n                    <\/div>\r\n                <\/div>\r\n                            \r\n                <div class=\"exad-accordion-single-item elementor-repeater-item-9999593\">\r\n                    <div class=\"exad-accordion-title\">\r\n\r\n\t\t\t\t\t\t\r\n                        <h3 class=\"exad-accordion-heading\">\r\n\t\t\t\t\t\t\r\n\t\t\t\t\t\t\tTravaillez-vous uniquement en gros ?\t\t\t\t\t\t\t\r\n\t\t\t\t\t\t<\/h3>\r\n\r\n                                            <\/div>\r\n\r\n                    <div class=\"exad-accordion-content\">\r\n                        <div class=\"exad-accordion-content-wrapper has-image-no image-position-left\">\r\n                            <div class=\"exad-accordion-text\">\r\n                                <div> <p>Oui. Nous sommes un fournisseur grossiste de pneus ax\u00e9 sur les entreprises du secteur automobile. Nous desservons principalement des ateliers ind\u00e9pendants, centres m\u00e9caniques, distributeurs et flottes qui ont besoin d\u2019un inventaire constant et de prix comp\u00e9titifs.<\/p><\/div>\r\n                                                            <\/div>\r\n\r\n                            \r\n                        <\/div>\r\n                    <\/div>\r\n                <\/div>\r\n                            \r\n                <div class=\"exad-accordion-single-item elementor-repeater-item-48129e6\">\r\n                    <div class=\"exad-accordion-title\">\r\n\r\n\t\t\t\t\t\t\r\n                        <h3 class=\"exad-accordion-heading\">\r\n\t\t\t\t\t\t\r\n\t\t\t\t\t\t\tQuels types de pneus proposez-vous ?\t\t\t\t\t\t\t\r\n\t\t\t\t\t\t<\/h3>\r\n\r\n                                            <\/div>\r\n\r\n                    <div class=\"exad-accordion-content\">\r\n                        <div class=\"exad-accordion-content-wrapper has-image-no image-position-left\">\r\n                            <div class=\"exad-accordion-text\">\r\n                                <div> <p>Ofrecemos neum\u00e1ticos para veh\u00edculos de pasajeros, camionetas ligeras, camiones medianos y ATV, adem\u00e1s de c\u00e1maras. Nuestro inventario incluye marcas premium reconocidas y marcas cuidadosamente seleccionadas para garantizar rendimiento, durabilidad y valor competitivo.<\/p><\/div>\r\n                                                            <\/div>\r\n\r\n                            \r\n                        <\/div>\r\n                    <\/div>\r\n                <\/div>\r\n                            \r\n                <div class=\"exad-accordion-single-item elementor-repeater-item-ef3d307\">\r\n                    <div class=\"exad-accordion-title\">\r\n\r\n\t\t\t\t\t\t\r\n                        <h3 class=\"exad-accordion-heading\">\r\n\t\t\t\t\t\t\r\n\t\t\t\t\t\t\t\u00bfOfrecen entregas en B\u00e1varo y Punta Cana?\t\t\t\t\t\t\t\r\n\t\t\t\t\t\t<\/h3>\r\n\r\n                                            <\/div>\r\n\r\n                    <div class=\"exad-accordion-content\">\r\n                        <div class=\"exad-accordion-content-wrapper has-image-no image-position-left\">\r\n                            <div class=\"exad-accordion-text\">\r\n                                <div> <p>Nous proposons des pneus pour v\u00e9hicules de tourisme, camionnettes l\u00e9g\u00e8res, camions moyens et VTT (ATV), ainsi que des chambres \u00e0 air. Notre inventaire comprend des marques premium reconnues et des marques soigneusement s\u00e9lectionn\u00e9es afin de garantir performance, durabilit\u00e9 et valeur comp\u00e9titive.<\/p><\/div>\r\n                                                            <\/div>\r\n\r\n                            \r\n                        <\/div>\r\n                    <\/div>\r\n                <\/div>\r\n                            \r\n                <div class=\"exad-accordion-single-item elementor-repeater-item-e8ee297\">\r\n                    <div class=\"exad-accordion-title\">\r\n\r\n\t\t\t\t\t\t\r\n                        <h3 class=\"exad-accordion-heading\">\r\n\t\t\t\t\t\t\r\n\t\t\t\t\t\t\t Proposez-vous des livraisons \u00e0 B\u00e1varo et Punta Cana ?\t\t\t\t\t\t\t\r\n\t\t\t\t\t\t<\/h3>\r\n\r\n                                            <\/div>\r\n\r\n                    <div class=\"exad-accordion-content\">\r\n                        <div class=\"exad-accordion-content-wrapper has-image-no image-position-left\">\r\n                            <div class=\"exad-accordion-text\">\r\n                                <div> <p>Non. Notre inventaire est compos\u00e9 exclusivement de pneus d\u2019\u00e9t\u00e9, adapt\u00e9s aux conditions climatiques de la R\u00e9publique Dominicaine, assurant ainsi une disponibilit\u00e9 constante tout au long de l\u2019ann\u00e9e.<\/p><\/div>\r\n                                                            <\/div>\r\n\r\n                            \r\n                        <\/div>\r\n                    <\/div>\r\n                <\/div>\r\n                            \r\n                <div class=\"exad-accordion-single-item elementor-repeater-item-e37b6e5\">\r\n                    <div class=\"exad-accordion-title\">\r\n\r\n\t\t\t\t\t\t\r\n                        <h3 class=\"exad-accordion-heading\">\r\n\t\t\t\t\t\t\r\n\t\t\t\t\t\t\tComment puis-je demander des tarifs de gros ?\t\t\t\t\t\t\t\r\n\t\t\t\t\t\t<\/h3>\r\n\r\n                                            <\/div>\r\n\r\n                    <div class=\"exad-accordion-content\">\r\n                        <div class=\"exad-accordion-content-wrapper has-image-no image-position-left\">\r\n                            <div class=\"exad-accordion-text\">\r\n                                <div> <p>Vous pouvez demander un devis en nous contactant au 849-478-6012 ou via notre page de contact. Notre \u00e9quipe vous fournira des informations sur la disponibilit\u00e9, les prix de gros et les conditions d\u2019approvisionnement adapt\u00e9es \u00e0 votre entreprise.<\/p><\/div>\r\n                                                            <\/div>\r\n\r\n                            \r\n                        <\/div>\r\n                    <\/div>\r\n                <\/div>\r\n                                                <\/div>\r\n\t\t\t\t\t<\/div>\n\t\t\t\t<\/div>\n\t\t\t\t\t<\/div>\n\t\t<\/div>\n\t\t\t\t\t<\/div>\n\t\t<\/section>\n\t\t\t\t\t<\/div>\n\t\t<\/div>\n\t\t\t\t\t<\/div>\n\t\t<\/section>\n\t\t\t\t<\/div>","protected":false},"excerpt":{"rendered":"<p>En esta secci\u00f3n encontrar\u00e1 respuestas claras a las preguntas m\u00e1s comunes sobre nuestros productos, procesos de suministro, entregas y cotizaciones. \u00bfQu\u00e9 tipo de empresa es TireHS \/ GomasHS? TireHS \/ GomasHS es un distribuidor de gomas en Rep\u00fablica Dominicana especializado en el suministro mayorista de neum\u00e1ticos para talleres, centros mec\u00e1nicos y flotas comerciales. Operamos desde [&hellip;]<\/p>\n","protected":false},"author":1,"featured_media":0,"parent":0,"menu_order":0,"comment_status":"closed","ping_status":"closed","template":"","meta":{"footnotes":""},"class_list":["post-737","page","type-page","status-publish","hentry"],"_links":{"self":[{"href":"https:\/\/tirehs.com\/fr\/wp-json\/wp\/v2\/pages\/737","targetHints":{"allow":["GET"]}}],"collection":[{"href":"https:\/\/tirehs.com\/fr\/wp-json\/wp\/v2\/pages"}],"about":[{"href":"https:\/\/tirehs.com\/fr\/wp-json\/wp\/v2\/types\/page"}],"author":[{"embeddable":true,"href":"https:\/\/tirehs.com\/fr\/wp-json\/wp\/v2\/users\/1"}],"replies":[{"embeddable":true,"href":"https:\/\/tirehs.com\/fr\/wp-json\/wp\/v2\/comments?post=737"}],"version-history":[{"count":8,"href":"https:\/\/tirehs.com\/fr\/wp-json\/wp\/v2\/pages\/737\/revisions"}],"predecessor-version":[{"id":750,"href":"https:\/\/tirehs.com\/fr\/wp-json\/wp\/v2\/pages\/737\/revisions\/750"}],"wp:attachment":[{"href":"https:\/\/tirehs.com\/fr\/wp-json\/wp\/v2\/media?parent=737"}],"curies":[{"name":"wp","href":"https:\/\/api.w.org\/{rel}","templated":true}]}}