{"id":154,"date":"2026-02-08T18:05:58","date_gmt":"2026-02-08T18:05:58","guid":{"rendered":"https:\/\/tirehs.com\/?page_id=154"},"modified":"2026-02-17T16:10:50","modified_gmt":"2026-02-17T16:10:50","slug":"productos","status":"publish","type":"page","link":"https:\/\/tirehs.com\/fr\/productos\/","title":{"rendered":"Produits"},"content":{"rendered":"<div data-elementor-type=\"wp-page\" data-elementor-id=\"154\" class=\"elementor elementor-154\" data-elementor-post-type=\"page\">\n\t\t\t\t\t\t<section data-particle_enable=\"false\" data-particle-mobile-disabled=\"false\" class=\"has_ae_slider elementor-section elementor-top-section elementor-element elementor-element-56b856e5 elementor-section-stretched elementor-section-height-full elementor-section-content-middle elementor-section-boxed elementor-section-height-default elementor-section-items-middle exad-parallax-effect-no exad-background-color-change-no exad-glass-effect-no ae-bg-gallery-type-default exad-sticky-section-no\" data-exad-particle-enable=\"false\" data-id=\"56b856e5\" data-element_type=\"section\" data-e-type=\"section\" data-settings=\"{&quot;stretch_section&quot;:&quot;section-stretched&quot;,&quot;background_background&quot;:&quot;gradient&quot;}\">\n\t\t\t\t\t\t<div class=\"elementor-container elementor-column-gap-default\">\n\t\t\t\t\t<div class=\"aux-parallax-section has_ae_slider elementor-column elementor-col-50 elementor-top-column elementor-element elementor-element-5bae55d4 exad-glass-effect-no ae-bg-gallery-type-default exad-sticky-section-no\" data-id=\"5bae55d4\" data-element_type=\"column\" data-e-type=\"column\">\n\t\t\t<div class=\"elementor-widget-wrap elementor-element-populated\">\n\t\t\t\t\t\t<div class=\"elementor-element elementor-element-c5d1f9d exad-sticky-section-no exad-glass-effect-no elementor-widget elementor-widget-image\" data-id=\"c5d1f9d\" data-element_type=\"widget\" data-e-type=\"widget\" data-widget_type=\"image.default\">\n\t\t\t\t<div class=\"elementor-widget-container\">\n\t\t\t\t\t\t\t\t\t\t\t\t\t\t\t<img fetchpriority=\"high\" decoding=\"async\" width=\"1149\" height=\"800\" src=\"https:\/\/tirehs.com\/wp-content\/uploads\/2026\/02\/Wheel-Tire-PNG-Image-3665371774.png\" class=\"attachment-full size-full wp-image-113\" alt=\"\" srcset=\"https:\/\/tirehs.com\/wp-content\/uploads\/2026\/02\/Wheel-Tire-PNG-Image-3665371774.png 1149w, https:\/\/tirehs.com\/wp-content\/uploads\/2026\/02\/Wheel-Tire-PNG-Image-3665371774-200x139.png 200w\" sizes=\"(max-width: 1149px) 100vw, 1149px\" \/>\t\t\t\t\t\t\t\t\t\t\t\t\t\t\t<\/div>\n\t\t\t\t<\/div>\n\t\t\t\t\t<\/div>\n\t\t<\/div>\n\t\t\t\t<div class=\"aux-parallax-section has_ae_slider elementor-column elementor-col-50 elementor-top-column elementor-element elementor-element-7bbc32ef exad-glass-effect-no ae-bg-gallery-type-default exad-sticky-section-no\" data-id=\"7bbc32ef\" data-element_type=\"column\" data-e-type=\"column\">\n\t\t\t<div class=\"elementor-widget-wrap elementor-element-populated\">\n\t\t\t\t\t\t<div class=\"elementor-element elementor-element-15a0f9a9 exad-sticky-section-no exad-glass-effect-no elementor-widget elementor-widget-heading\" data-id=\"15a0f9a9\" data-element_type=\"widget\" data-e-type=\"widget\" data-widget_type=\"heading.default\">\n\t\t\t\t<div class=\"elementor-widget-container\">\n\t\t\t\t\t<h2 class=\"elementor-heading-title elementor-size-default\">Soluciones de neum\u00e1ticos confiables para cada aplicaci\u00f3n<\/h2>\t\t\t\t<\/div>\n\t\t\t\t<\/div>\n\t\t\t\t<div class=\"elementor-element elementor-element-6f971d7f exad-sticky-section-no exad-glass-effect-no elementor-widget elementor-widget-text-editor\" data-id=\"6f971d7f\" data-element_type=\"widget\" data-e-type=\"widget\" data-widget_type=\"text-editor.default\">\n\t\t\t\t<div class=\"elementor-widget-container\">\n\t\t\t\t\t\t\t\t\t<p data-start=\"117\" data-end=\"487\">En TireHS \/ GomasHS, ofrecemos una amplia gama de soluciones en neum\u00e1ticos dise\u00f1adas para respaldar una gran variedad de veh\u00edculos, industrias y entornos operativos. Ya sea para veh\u00edculos de pasajeros de uso diario, flotas comerciales ligeras o aplicaciones exigentes de servicio pesado, nuestros productos est\u00e1n seleccionados para ofrecer un rendimiento constante, durabilidad prolongada y un manejo confiable en carretera.<br \/><br \/>Al combinar materiales de calidad con est\u00e1ndares de fabricaci\u00f3n confiables, TireHS \/ GomasHS garantiza que cada neum\u00e1tico cumpla con las expectativas de profesionales y usuarios finales. Nuestro enfoque en la confiabilidad y eficiencia ayuda a mantener los veh\u00edculos funcionando sin contratiempos, reduce el tiempo de inactividad y respalda la satisfacci\u00f3n del cliente en cada aplicaci\u00f3n que atendemos.<\/p>\t\t\t\t\t\t\t\t<\/div>\n\t\t\t\t<\/div>\n\t\t\t\t\t<\/div>\n\t\t<\/div>\n\t\t\t\t\t<\/div>\n\t\t<\/section>\n\t\t<div class=\"aux-parallax-section has_ae_slider elementor-element elementor-element-469b71e e-flex e-con-boxed ae-bg-gallery-type-default e-con e-parent\" data-particle_enable=\"false\" data-particle-mobile-disabled=\"false\" data-id=\"469b71e\" data-element_type=\"container\" data-e-type=\"container\">\n\t\t\t\t\t<div class=\"e-con-inner\">\n\t\t<div data-particle_enable=\"false\" data-particle-mobile-disabled=\"false\" class=\"has_ae_slider elementor-element elementor-element-f6e02f9 e-con-full e-flex ae-bg-gallery-type-default e-con e-child\" data-id=\"f6e02f9\" data-element_type=\"container\" data-e-type=\"container\" data-settings=\"{&quot;background_background&quot;:&quot;classic&quot;}\">\n\t\t\t\t<div class=\"elementor-element elementor-element-b6e7533 exad-sticky-section-no exad-glass-effect-no elementor-widget elementor-widget-spacer\" data-id=\"b6e7533\" data-element_type=\"widget\" data-e-type=\"widget\" data-widget_type=\"spacer.default\">\n\t\t\t\t<div class=\"elementor-widget-container\">\n\t\t\t\t\t\t\t<div class=\"elementor-spacer\">\n\t\t\t<div class=\"elementor-spacer-inner\"><\/div>\n\t\t<\/div>\n\t\t\t\t\t\t<\/div>\n\t\t\t\t<\/div>\n\t\t\t\t<\/div>\n\t\t<div data-particle_enable=\"false\" data-particle-mobile-disabled=\"false\" class=\"has_ae_slider elementor-element elementor-element-0c61522 e-con-full e-flex ae-bg-gallery-type-default e-con e-child\" data-id=\"0c61522\" data-element_type=\"container\" data-e-type=\"container\">\n\t\t\t\t<div class=\"elementor-element elementor-element-c9f7fb2 exad-sticky-section-no exad-glass-effect-no elementor-widget elementor-widget-heading\" data-id=\"c9f7fb2\" data-element_type=\"widget\" data-e-type=\"widget\" data-widget_type=\"heading.default\">\n\t\t\t\t<div class=\"elementor-widget-container\">\n\t\t\t\t\t<h2 class=\"elementor-heading-title elementor-size-default\">Resumen de Calidad e Inventario<\/h2>\t\t\t\t<\/div>\n\t\t\t\t<\/div>\n\t\t\t\t<div class=\"elementor-element elementor-element-fc34021 exad-sticky-section-no exad-glass-effect-no elementor-widget elementor-widget-text-editor\" data-id=\"fc34021\" data-element_type=\"widget\" data-e-type=\"widget\" data-widget_type=\"text-editor.default\">\n\t\t\t\t<div class=\"elementor-widget-container\">\n\t\t\t\t\t\t\t\t\t<p data-start=\"117\" data-end=\"487\"><strong><em>Nuestra selecci\u00f3n de neum\u00e1ticos sigue un est\u00e1ndar de dibujo 5MM+, garantizando un rendimiento y confiabilidad constantes en diversas aplicaciones.<\/em><\/strong><\/p>\t\t\t\t\t\t\t\t<\/div>\n\t\t\t\t<\/div>\n\t\t\t\t<div class=\"elementor-element elementor-element-cbf2905 exad-sticky-section-no exad-glass-effect-no elementor-widget elementor-widget-text-editor\" data-id=\"cbf2905\" data-element_type=\"widget\" data-e-type=\"widget\" data-widget_type=\"text-editor.default\">\n\t\t\t\t<div class=\"elementor-widget-container\">\n\t\t\t\t\t\t\t\t\t<p data-start=\"13734\" data-end=\"13933\">Cada neum\u00e1tico es verificado individualmente en cuanto a presi\u00f3n, respaldado por cuatro m\u00e1quinas especializadas para garantizar la presi\u00f3n adecuada y el control de calidad antes de la distribuci\u00f3n.<br \/>Todos los neum\u00e1ticos pasan por una inspecci\u00f3n de sequedad en los flancos para mantener la integridad estructural y prevenir grietas o deterioro prematuro.<\/p><p data-start=\"14371\" data-end=\"14557\">Los neum\u00e1ticos son 100% de verano. No contamos con neum\u00e1ticos de invierno en nuestro inventario, lo que garantiza claridad y coherencia en la disponibilidad de productos por temporada. Nuestro inventario est\u00e1 compuesto en un 70%\u201380% por marcas premium reconocidas como Michelin, Dunlop y Continental, combinadas con un 20%\u201330% de marcas chinas cuidadosamente seleccionadas para ofrecer tanto rendimiento de primera categor\u00eda como opciones de precios competitivos.<\/p>\t\t\t\t\t\t\t\t<\/div>\n\t\t\t\t<\/div>\n\t\t\t\t<\/div>\n\t\t\t\t\t<\/div>\n\t\t\t\t<\/div>\n\t\t<div class=\"aux-parallax-section has_ae_slider elementor-element elementor-element-780f84c e-flex e-con-boxed ae-bg-gallery-type-default e-con e-parent\" data-particle_enable=\"false\" data-particle-mobile-disabled=\"false\" data-id=\"780f84c\" data-element_type=\"container\" data-e-type=\"container\">\n\t\t\t\t\t<div class=\"e-con-inner\">\n\t\t<div data-particle_enable=\"false\" data-particle-mobile-disabled=\"false\" class=\"has_ae_slider elementor-element elementor-element-7d31e92 e-con-full e-flex ae-bg-gallery-type-default e-con e-child\" data-id=\"7d31e92\" data-element_type=\"container\" data-e-type=\"container\">\n\t\t\t\t<div class=\"elementor-element elementor-element-f618a76 exad-sticky-section-no exad-glass-effect-no elementor-widget elementor-widget-image\" data-id=\"f618a76\" data-element_type=\"widget\" data-e-type=\"widget\" data-widget_type=\"image.default\">\n\t\t\t\t<div class=\"elementor-widget-container\">\n\t\t\t\t\t\t\t\t\t\t\t\t\t\t\t<img decoding=\"async\" width=\"2560\" height=\"1440\" src=\"https:\/\/tirehs.com\/wp-content\/uploads\/2026\/02\/AdobeStock_404308379-edited-scaled-1.jpeg\" class=\"attachment-full size-full wp-image-351\" alt=\"\" srcset=\"https:\/\/tirehs.com\/wp-content\/uploads\/2026\/02\/AdobeStock_404308379-edited-scaled-1.jpeg 2560w, https:\/\/tirehs.com\/wp-content\/uploads\/2026\/02\/AdobeStock_404308379-edited-scaled-1-1536x864.jpeg 1536w, https:\/\/tirehs.com\/wp-content\/uploads\/2026\/02\/AdobeStock_404308379-edited-scaled-1-2048x1152.jpeg 2048w, https:\/\/tirehs.com\/wp-content\/uploads\/2026\/02\/AdobeStock_404308379-edited-scaled-1-18x10.jpeg 18w\" sizes=\"(max-width: 2560px) 100vw, 2560px\" \/>\t\t\t\t\t\t\t\t\t\t\t\t\t\t\t<\/div>\n\t\t\t\t<\/div>\n\t\t\t\t<\/div>\n\t\t<div data-particle_enable=\"false\" data-particle-mobile-disabled=\"false\" class=\"has_ae_slider elementor-element elementor-element-74be585 e-con-full e-flex ae-bg-gallery-type-default e-con e-child\" data-id=\"74be585\" data-element_type=\"container\" data-e-type=\"container\">\n\t\t\t\t<div class=\"elementor-element elementor-element-865d3c3 exad-sticky-section-no exad-glass-effect-no elementor-widget elementor-widget-heading\" data-id=\"865d3c3\" data-element_type=\"widget\" data-e-type=\"widget\" data-widget_type=\"heading.default\">\n\t\t\t\t<div class=\"elementor-widget-container\">\n\t\t\t\t\t<h2 class=\"elementor-heading-title elementor-size-default\">Neum\u00e1ticos para Veh\u00edculos de Pasajeros y Camionetas<\/h2>\t\t\t\t<\/div>\n\t\t\t\t<\/div>\n\t\t\t\t<div class=\"elementor-element elementor-element-2f73b72 exad-sticky-section-no exad-glass-effect-no elementor-widget elementor-widget-text-editor\" data-id=\"2f73b72\" data-element_type=\"widget\" data-e-type=\"widget\" data-widget_type=\"text-editor.default\">\n\t\t\t\t<div class=\"elementor-widget-container\">\n\t\t\t\t\t\t\t\t\t<p data-start=\"117\" data-end=\"487\"><em><strong>En TireHS \/ GomasHS, nuestra selecci\u00f3n de neum\u00e1ticos para veh\u00edculos de pasajeros y camionetas ligeras est\u00e1 dise\u00f1ada para ofrecer un rendimiento confiable, mayor seguridad y durabilidad prolongada. Cada neum\u00e1tico es cuidadosamente seleccionado para brindar una conducci\u00f3n suave y segura en todas las condiciones de manejo.<\/strong><\/em><\/p>\t\t\t\t\t\t\t\t<\/div>\n\t\t\t\t<\/div>\n\t\t\t\t<div class=\"elementor-element elementor-element-dc047b0 exad-sticky-section-no exad-glass-effect-no elementor-widget elementor-widget-text-editor\" data-id=\"dc047b0\" data-element_type=\"widget\" data-e-type=\"widget\" data-widget_type=\"text-editor.default\">\n\t\t\t\t<div class=\"elementor-widget-container\">\n\t\t\t\t\t\t\t\t\t<p data-start=\"117\" data-end=\"487\">Dise\u00f1ados para el uso diario, estos neum\u00e1ticos ofrecen excelente confort, estabilidad y control, ya sea circulando por calles urbanas o viajando por la autopista. Son una opci\u00f3n confiable para mantener los veh\u00edculos de sus clientes funcionando al m\u00e1ximo, kil\u00f3metro tras kil\u00f3metro.<\/p>\t\t\t\t\t\t\t\t<\/div>\n\t\t\t\t<\/div>\n\t\t\t\t<\/div>\n\t\t\t\t\t<\/div>\n\t\t\t\t<\/div>\n\t\t<div class=\"aux-parallax-section has_ae_slider elementor-element elementor-element-7a3420e e-flex e-con-boxed ae-bg-gallery-type-default e-con e-parent\" data-particle_enable=\"false\" data-particle-mobile-disabled=\"false\" data-id=\"7a3420e\" data-element_type=\"container\" data-e-type=\"container\">\n\t\t\t\t\t<div class=\"e-con-inner\">\n\t\t<div data-particle_enable=\"false\" data-particle-mobile-disabled=\"false\" class=\"has_ae_slider elementor-element elementor-element-759e393 e-con-full e-flex ae-bg-gallery-type-default e-con e-child\" data-id=\"759e393\" data-element_type=\"container\" data-e-type=\"container\">\n\t\t\t\t<div class=\"elementor-element elementor-element-7e38e51 exad-sticky-section-no exad-glass-effect-no elementor-widget elementor-widget-image\" data-id=\"7e38e51\" data-element_type=\"widget\" data-e-type=\"widget\" data-widget_type=\"image.default\">\n\t\t\t\t<div class=\"elementor-widget-container\">\n\t\t\t\t\t\t\t\t\t\t\t\t\t\t\t<img decoding=\"async\" width=\"2048\" height=\"1152\" src=\"https:\/\/tirehs.com\/wp-content\/uploads\/2026\/02\/AdobeStock_210196275-2048x1152-1.jpeg\" class=\"attachment-full size-full wp-image-347\" alt=\"\" srcset=\"https:\/\/tirehs.com\/wp-content\/uploads\/2026\/02\/AdobeStock_210196275-2048x1152-1.jpeg 2048w, https:\/\/tirehs.com\/wp-content\/uploads\/2026\/02\/AdobeStock_210196275-2048x1152-1-1536x864.jpeg 1536w, https:\/\/tirehs.com\/wp-content\/uploads\/2026\/02\/AdobeStock_210196275-2048x1152-1-18x10.jpeg 18w\" sizes=\"(max-width: 2048px) 100vw, 2048px\" \/>\t\t\t\t\t\t\t\t\t\t\t\t\t\t\t<\/div>\n\t\t\t\t<\/div>\n\t\t\t\t<\/div>\n\t\t<div data-particle_enable=\"false\" data-particle-mobile-disabled=\"false\" class=\"has_ae_slider elementor-element elementor-element-ffafe61 e-con-full e-flex ae-bg-gallery-type-default e-con e-child\" data-id=\"ffafe61\" data-element_type=\"container\" data-e-type=\"container\">\n\t\t\t\t<div class=\"elementor-element elementor-element-f00840a exad-sticky-section-no exad-glass-effect-no elementor-widget elementor-widget-heading\" data-id=\"f00840a\" data-element_type=\"widget\" data-e-type=\"widget\" data-widget_type=\"heading.default\">\n\t\t\t\t<div class=\"elementor-widget-container\">\n\t\t\t\t\t<h2 class=\"elementor-heading-title elementor-size-default\">Neum\u00e1ticos para Camiones Medianos<\/h2>\t\t\t\t<\/div>\n\t\t\t\t<\/div>\n\t\t\t\t<div class=\"elementor-element elementor-element-a091779 exad-sticky-section-no exad-glass-effect-no elementor-widget elementor-widget-text-editor\" data-id=\"a091779\" data-element_type=\"widget\" data-e-type=\"widget\" data-widget_type=\"text-editor.default\">\n\t\t\t\t<div class=\"elementor-widget-container\">\n\t\t\t\t\t\t\t\t\t<p data-start=\"117\" data-end=\"487\"><em><strong>TireHS \/ GomasHS ofrece neum\u00e1ticos para camiones medianos dise\u00f1ados para satisfacer las exigencias de operaciones comerciales y de flotas. Estos neum\u00e1ticos est\u00e1n dise\u00f1ados para brindar resistencia, estabilidad y un rendimiento constante en aplicaciones de trabajo pesado.<\/strong><\/em><\/p>\t\t\t\t\t\t\t\t<\/div>\n\t\t\t\t<\/div>\n\t\t\t\t<div class=\"elementor-element elementor-element-3f131f6 exad-sticky-section-no exad-glass-effect-no elementor-widget elementor-widget-text-editor\" data-id=\"3f131f6\" data-element_type=\"widget\" data-e-type=\"widget\" data-widget_type=\"text-editor.default\">\n\t\t\t\t<div class=\"elementor-widget-container\">\n\t\t\t\t\t\t\t\t\t<p data-start=\"117\" data-end=\"487\">Dise\u00f1ados para soportar altas capacidades de carga y condiciones de carretera exigentes, ofrecen durabilidad confiable mientras ayudan a garantizar seguridad y eficiencia para sus clientes de flota a largo plazo.<\/p>\t\t\t\t\t\t\t\t<\/div>\n\t\t\t\t<\/div>\n\t\t\t\t<\/div>\n\t\t\t\t\t<\/div>\n\t\t\t\t<\/div>\n\t\t<div class=\"aux-parallax-section has_ae_slider elementor-element elementor-element-ea8a5a0 e-flex e-con-boxed ae-bg-gallery-type-default e-con e-parent\" data-particle_enable=\"false\" data-particle-mobile-disabled=\"false\" data-id=\"ea8a5a0\" data-element_type=\"container\" data-e-type=\"container\">\n\t\t\t\t\t<div class=\"e-con-inner\">\n\t\t<div data-particle_enable=\"false\" data-particle-mobile-disabled=\"false\" class=\"has_ae_slider elementor-element elementor-element-a258c5a e-con-full e-flex ae-bg-gallery-type-default e-con e-child\" data-id=\"a258c5a\" data-element_type=\"container\" data-e-type=\"container\">\n\t\t\t\t<div class=\"elementor-element elementor-element-ba8feb0 exad-sticky-section-no exad-glass-effect-no elementor-widget elementor-widget-image\" data-id=\"ba8feb0\" data-element_type=\"widget\" data-e-type=\"widget\" data-widget_type=\"image.default\">\n\t\t\t\t<div class=\"elementor-widget-container\">\n\t\t\t\t\t\t\t\t\t\t\t\t\t\t\t<img loading=\"lazy\" decoding=\"async\" width=\"2048\" height=\"1148\" src=\"https:\/\/tirehs.com\/wp-content\/uploads\/2026\/02\/AdobeStock_1074710447-2048x1148-2.jpeg\" class=\"attachment-full size-full wp-image-562\" alt=\"\" srcset=\"https:\/\/tirehs.com\/wp-content\/uploads\/2026\/02\/AdobeStock_1074710447-2048x1148-2.jpeg 2048w, https:\/\/tirehs.com\/wp-content\/uploads\/2026\/02\/AdobeStock_1074710447-2048x1148-2-1536x861.jpeg 1536w, https:\/\/tirehs.com\/wp-content\/uploads\/2026\/02\/AdobeStock_1074710447-2048x1148-2-18x10.jpeg 18w\" sizes=\"(max-width: 2048px) 100vw, 2048px\" \/>\t\t\t\t\t\t\t\t\t\t\t\t\t\t\t<\/div>\n\t\t\t\t<\/div>\n\t\t\t\t<\/div>\n\t\t<div data-particle_enable=\"false\" data-particle-mobile-disabled=\"false\" class=\"has_ae_slider elementor-element elementor-element-6478d29 e-con-full e-flex ae-bg-gallery-type-default e-con e-child\" data-id=\"6478d29\" data-element_type=\"container\" data-e-type=\"container\">\n\t\t\t\t<div class=\"elementor-element elementor-element-140e113 exad-sticky-section-no exad-glass-effect-no elementor-widget elementor-widget-heading\" data-id=\"140e113\" data-element_type=\"widget\" data-e-type=\"widget\" data-widget_type=\"heading.default\">\n\t\t\t\t<div class=\"elementor-widget-container\">\n\t\t\t\t\t<h2 class=\"elementor-heading-title elementor-size-default\">ATV<\/h2>\t\t\t\t<\/div>\n\t\t\t\t<\/div>\n\t\t\t\t<div class=\"elementor-element elementor-element-59fde31 exad-sticky-section-no exad-glass-effect-no elementor-widget elementor-widget-text-editor\" data-id=\"59fde31\" data-element_type=\"widget\" data-e-type=\"widget\" data-widget_type=\"text-editor.default\">\n\t\t\t\t<div class=\"elementor-widget-container\">\n\t\t\t\t\t\t\t\t\t<p data-start=\"117\" data-end=\"487\"><strong><em>Para los entusiastas del todoterreno, nuestros neum\u00e1ticos para ATV, jard\u00edn y c\u00e9sped ofrecen excelente tracci\u00f3n y durabilidad en diversos terrenos.<\/em><\/strong><\/p>\t\t\t\t\t\t\t\t<\/div>\n\t\t\t\t<\/div>\n\t\t\t\t<div class=\"elementor-element elementor-element-e9a10bf exad-sticky-section-no exad-glass-effect-no elementor-widget elementor-widget-text-editor\" data-id=\"e9a10bf\" data-element_type=\"widget\" data-e-type=\"widget\" data-widget_type=\"text-editor.default\">\n\t\t\t\t<div class=\"elementor-widget-container\">\n\t\t\t\t\t\t\t\t\t<p data-start=\"117\" data-end=\"487\">Ya sea para veh\u00edculos recreativos o equipos de jardiner\u00eda, estos neum\u00e1ticos garantizan un funcionamiento suave y brindan la confiabilidad que sus clientes necesitan para actividades al aire libre y tareas de mantenimiento.<\/p>\t\t\t\t\t\t\t\t<\/div>\n\t\t\t\t<\/div>\n\t\t\t\t<\/div>\n\t\t\t\t\t<\/div>\n\t\t\t\t<\/div>\n\t\t<div class=\"aux-parallax-section has_ae_slider elementor-element elementor-element-07d4c79 e-flex e-con-boxed ae-bg-gallery-type-default e-con e-parent\" data-particle_enable=\"false\" data-particle-mobile-disabled=\"false\" data-id=\"07d4c79\" data-element_type=\"container\" data-e-type=\"container\">\n\t\t\t\t\t<div class=\"e-con-inner\">\n\t\t<div data-particle_enable=\"false\" data-particle-mobile-disabled=\"false\" class=\"has_ae_slider elementor-element elementor-element-0c6b1bf e-con-full e-flex ae-bg-gallery-type-default e-con e-child\" data-id=\"0c6b1bf\" data-element_type=\"container\" data-e-type=\"container\">\n\t\t\t\t<div class=\"elementor-element elementor-element-b39f74e exad-sticky-section-no exad-glass-effect-no elementor-widget elementor-widget-image\" data-id=\"b39f74e\" data-element_type=\"widget\" data-e-type=\"widget\" data-widget_type=\"image.default\">\n\t\t\t\t<div class=\"elementor-widget-container\">\n\t\t\t\t\t\t\t\t\t\t\t\t\t\t\t<img loading=\"lazy\" decoding=\"async\" width=\"2048\" height=\"1239\" src=\"https:\/\/tirehs.com\/wp-content\/uploads\/2026\/02\/tubes-2048x1239-1.jpg\" class=\"attachment-full size-full wp-image-572\" alt=\"\" srcset=\"https:\/\/tirehs.com\/wp-content\/uploads\/2026\/02\/tubes-2048x1239-1.jpg 2048w, https:\/\/tirehs.com\/wp-content\/uploads\/2026\/02\/tubes-2048x1239-1-1536x929.jpg 1536w, https:\/\/tirehs.com\/wp-content\/uploads\/2026\/02\/tubes-2048x1239-1-18x12.jpg 18w\" sizes=\"(max-width: 2048px) 100vw, 2048px\" \/>\t\t\t\t\t\t\t\t\t\t\t\t\t\t\t<\/div>\n\t\t\t\t<\/div>\n\t\t\t\t<\/div>\n\t\t<div data-particle_enable=\"false\" data-particle-mobile-disabled=\"false\" class=\"has_ae_slider elementor-element elementor-element-79bf3fd e-con-full e-flex ae-bg-gallery-type-default e-con e-child\" data-id=\"79bf3fd\" data-element_type=\"container\" data-e-type=\"container\">\n\t\t\t\t<div class=\"elementor-element elementor-element-7938e3f exad-sticky-section-no exad-glass-effect-no elementor-widget elementor-widget-heading\" data-id=\"7938e3f\" data-element_type=\"widget\" data-e-type=\"widget\" data-widget_type=\"heading.default\">\n\t\t\t\t<div class=\"elementor-widget-container\">\n\t\t\t\t\t<h2 class=\"elementor-heading-title elementor-size-default\">C\u00e1maras<\/h2>\t\t\t\t<\/div>\n\t\t\t\t<\/div>\n\t\t\t\t<div class=\"elementor-element elementor-element-4d28f38 exad-sticky-section-no exad-glass-effect-no elementor-widget elementor-widget-text-editor\" data-id=\"4d28f38\" data-element_type=\"widget\" data-e-type=\"widget\" data-widget_type=\"text-editor.default\">\n\t\t\t\t<div class=\"elementor-widget-container\">\n\t\t\t\t\t\t\t\t\t<p data-start=\"117\" data-end=\"487\"><em><strong>Ofrecemos c\u00e1maras confiables y duraderas que mantienen la retenci\u00f3n de aire y resisten el desgaste.<\/strong><\/em><\/p>\t\t\t\t\t\t\t\t<\/div>\n\t\t\t\t<\/div>\n\t\t\t\t<div class=\"elementor-element elementor-element-b98a4ad exad-sticky-section-no exad-glass-effect-no elementor-widget elementor-widget-text-editor\" data-id=\"b98a4ad\" data-element_type=\"widget\" data-e-type=\"widget\" data-widget_type=\"text-editor.default\">\n\t\t\t\t<div class=\"elementor-widget-container\">\n\t\t\t\t\t\t\t\t\t<p data-start=\"117\" data-end=\"487\">Ya sea que sus clientes las utilicen en neum\u00e1ticos de pasajeros, comerciales o agr\u00edcolas, nuestras c\u00e1maras garantizan un rendimiento \u00f3ptimo y una mayor vida \u00fatil del neum\u00e1tico.<\/p>\t\t\t\t\t\t\t\t<\/div>\n\t\t\t\t<\/div>\n\t\t\t\t<\/div>\n\t\t\t\t\t<\/div>\n\t\t\t\t<\/div>\n\t\t\t\t<\/div>","protected":false},"excerpt":{"rendered":"<p>Soluciones de neum\u00e1ticos confiables para cada aplicaci\u00f3n En TireHS \/ GomasHS, ofrecemos una amplia gama de soluciones en neum\u00e1ticos dise\u00f1adas para respaldar una gran variedad de veh\u00edculos, industrias y entornos operativos. Ya sea para veh\u00edculos de pasajeros de uso diario, flotas comerciales ligeras o aplicaciones exigentes de servicio pesado, nuestros productos est\u00e1n seleccionados para ofrecer [&hellip;]<\/p>\n","protected":false},"author":1,"featured_media":0,"parent":0,"menu_order":0,"comment_status":"closed","ping_status":"closed","template":"","meta":{"footnotes":""},"class_list":["post-154","page","type-page","status-publish","hentry"],"_links":{"self":[{"href":"https:\/\/tirehs.com\/fr\/wp-json\/wp\/v2\/pages\/154","targetHints":{"allow":["GET"]}}],"collection":[{"href":"https:\/\/tirehs.com\/fr\/wp-json\/wp\/v2\/pages"}],"about":[{"href":"https:\/\/tirehs.com\/fr\/wp-json\/wp\/v2\/types\/page"}],"author":[{"embeddable":true,"href":"https:\/\/tirehs.com\/fr\/wp-json\/wp\/v2\/users\/1"}],"replies":[{"embeddable":true,"href":"https:\/\/tirehs.com\/fr\/wp-json\/wp\/v2\/comments?post=154"}],"version-history":[{"count":47,"href":"https:\/\/tirehs.com\/fr\/wp-json\/wp\/v2\/pages\/154\/revisions"}],"predecessor-version":[{"id":674,"href":"https:\/\/tirehs.com\/fr\/wp-json\/wp\/v2\/pages\/154\/revisions\/674"}],"wp:attachment":[{"href":"https:\/\/tirehs.com\/fr\/wp-json\/wp\/v2\/media?parent=154"}],"curies":[{"name":"wp","href":"https:\/\/api.w.org\/{rel}","templated":true}]}}