{"id":154,"date":"2026-02-08T18:05:58","date_gmt":"2026-02-08T18:05:58","guid":{"rendered":"https:\/\/tirehs.com\/?page_id=154"},"modified":"2026-02-17T16:10:50","modified_gmt":"2026-02-17T16:10:50","slug":"productos","status":"publish","type":"page","link":"https:\/\/tirehs.com\/en\/productos\/","title":{"rendered":"Our Products"},"content":{"rendered":"<div data-elementor-type=\"wp-page\" data-elementor-id=\"154\" class=\"elementor elementor-154\" data-elementor-post-type=\"page\">\n\t\t\t\t\t\t<section data-particle_enable=\"false\" data-particle-mobile-disabled=\"false\" class=\"has_ae_slider elementor-section elementor-top-section elementor-element elementor-element-56b856e5 elementor-section-stretched elementor-section-height-full elementor-section-content-middle elementor-section-boxed elementor-section-height-default elementor-section-items-middle exad-parallax-effect-no exad-background-color-change-no exad-glass-effect-no ae-bg-gallery-type-default exad-sticky-section-no\" data-exad-particle-enable=\"false\" data-id=\"56b856e5\" data-element_type=\"section\" data-e-type=\"section\" data-settings=\"{&quot;stretch_section&quot;:&quot;section-stretched&quot;,&quot;background_background&quot;:&quot;gradient&quot;}\">\n\t\t\t\t\t\t<div class=\"elementor-container elementor-column-gap-default\">\n\t\t\t\t\t<div class=\"aux-parallax-section has_ae_slider elementor-column elementor-col-50 elementor-top-column elementor-element elementor-element-5bae55d4 exad-glass-effect-no ae-bg-gallery-type-default exad-sticky-section-no\" data-id=\"5bae55d4\" data-element_type=\"column\" data-e-type=\"column\">\n\t\t\t<div class=\"elementor-widget-wrap elementor-element-populated\">\n\t\t\t\t\t\t<div class=\"elementor-element elementor-element-c5d1f9d exad-sticky-section-no exad-glass-effect-no elementor-widget elementor-widget-image\" data-id=\"c5d1f9d\" data-element_type=\"widget\" data-e-type=\"widget\" data-widget_type=\"image.default\">\n\t\t\t\t<div class=\"elementor-widget-container\">\n\t\t\t\t\t\t\t\t\t\t\t\t\t\t\t<img fetchpriority=\"high\" decoding=\"async\" width=\"1149\" height=\"800\" src=\"https:\/\/tirehs.com\/wp-content\/uploads\/2026\/02\/Wheel-Tire-PNG-Image-3665371774.png\" class=\"attachment-full size-full wp-image-113\" alt=\"\" srcset=\"https:\/\/tirehs.com\/wp-content\/uploads\/2026\/02\/Wheel-Tire-PNG-Image-3665371774.png 1149w, https:\/\/tirehs.com\/wp-content\/uploads\/2026\/02\/Wheel-Tire-PNG-Image-3665371774-200x139.png 200w\" sizes=\"(max-width: 1149px) 100vw, 1149px\" \/>\t\t\t\t\t\t\t\t\t\t\t\t\t\t\t<\/div>\n\t\t\t\t<\/div>\n\t\t\t\t\t<\/div>\n\t\t<\/div>\n\t\t\t\t<div class=\"aux-parallax-section has_ae_slider elementor-column elementor-col-50 elementor-top-column elementor-element elementor-element-7bbc32ef exad-glass-effect-no ae-bg-gallery-type-default exad-sticky-section-no\" data-id=\"7bbc32ef\" data-element_type=\"column\" data-e-type=\"column\">\n\t\t\t<div class=\"elementor-widget-wrap elementor-element-populated\">\n\t\t\t\t\t\t<div class=\"elementor-element elementor-element-15a0f9a9 exad-sticky-section-no exad-glass-effect-no elementor-widget elementor-widget-heading\" data-id=\"15a0f9a9\" data-element_type=\"widget\" data-e-type=\"widget\" data-widget_type=\"heading.default\">\n\t\t\t\t<div class=\"elementor-widget-container\">\n\t\t\t\t\t<h2 class=\"elementor-heading-title elementor-size-default\">Reliable Tire Solutions for Every Application<\/h2>\t\t\t\t<\/div>\n\t\t\t\t<\/div>\n\t\t\t\t<div class=\"elementor-element elementor-element-6f971d7f exad-sticky-section-no exad-glass-effect-no elementor-widget elementor-widget-text-editor\" data-id=\"6f971d7f\" data-element_type=\"widget\" data-e-type=\"widget\" data-widget_type=\"text-editor.default\">\n\t\t\t\t<div class=\"elementor-widget-container\">\n\t\t\t\t\t\t\t\t\t<p data-start=\"117\" data-end=\"487\">At TireHS \/ GomasHS, we offer a comprehensive range of tire solutions engineered to support a wide variety of vehicles, industries, and operating environments. Whether for everyday passenger vehicles, light commercial fleets, or demanding heavy-duty applications, our products are selected to deliver consistent performance, long-lasting durability, and dependable road handling.<br \/><br \/>By combining quality materials with trusted manufacturing standards, TireHS \/ GomasHS ensures that each tire meets the expectations of professionals and end users alike. Our focus on reliability and efficiency helps keep vehicles operating smoothly, reduces downtime, and supports customer satisfaction across every application we serve.<\/p>\t\t\t\t\t\t\t\t<\/div>\n\t\t\t\t<\/div>\n\t\t\t\t\t<\/div>\n\t\t<\/div>\n\t\t\t\t\t<\/div>\n\t\t<\/section>\n\t\t<div class=\"aux-parallax-section has_ae_slider elementor-element elementor-element-469b71e e-flex e-con-boxed ae-bg-gallery-type-default e-con e-parent\" data-particle_enable=\"false\" data-particle-mobile-disabled=\"false\" data-id=\"469b71e\" data-element_type=\"container\" data-e-type=\"container\">\n\t\t\t\t\t<div class=\"e-con-inner\">\n\t\t<div data-particle_enable=\"false\" data-particle-mobile-disabled=\"false\" class=\"has_ae_slider elementor-element elementor-element-f6e02f9 e-con-full e-flex ae-bg-gallery-type-default e-con e-child\" data-id=\"f6e02f9\" data-element_type=\"container\" data-e-type=\"container\" data-settings=\"{&quot;background_background&quot;:&quot;classic&quot;}\">\n\t\t\t\t<div class=\"elementor-element elementor-element-b6e7533 exad-sticky-section-no exad-glass-effect-no elementor-widget elementor-widget-spacer\" data-id=\"b6e7533\" data-element_type=\"widget\" data-e-type=\"widget\" data-widget_type=\"spacer.default\">\n\t\t\t\t<div class=\"elementor-widget-container\">\n\t\t\t\t\t\t\t<div class=\"elementor-spacer\">\n\t\t\t<div class=\"elementor-spacer-inner\"><\/div>\n\t\t<\/div>\n\t\t\t\t\t\t<\/div>\n\t\t\t\t<\/div>\n\t\t\t\t<\/div>\n\t\t<div data-particle_enable=\"false\" data-particle-mobile-disabled=\"false\" class=\"has_ae_slider elementor-element elementor-element-0c61522 e-con-full e-flex ae-bg-gallery-type-default e-con e-child\" data-id=\"0c61522\" data-element_type=\"container\" data-e-type=\"container\">\n\t\t\t\t<div class=\"elementor-element elementor-element-c9f7fb2 exad-sticky-section-no exad-glass-effect-no elementor-widget elementor-widget-heading\" data-id=\"c9f7fb2\" data-element_type=\"widget\" data-e-type=\"widget\" data-widget_type=\"heading.default\">\n\t\t\t\t<div class=\"elementor-widget-container\">\n\t\t\t\t\t<h2 class=\"elementor-heading-title elementor-size-default\">Quality and Inventory Overview<\/h2>\t\t\t\t<\/div>\n\t\t\t\t<\/div>\n\t\t\t\t<div class=\"elementor-element elementor-element-fc34021 exad-sticky-section-no exad-glass-effect-no elementor-widget elementor-widget-text-editor\" data-id=\"fc34021\" data-element_type=\"widget\" data-e-type=\"widget\" data-widget_type=\"text-editor.default\">\n\t\t\t\t<div class=\"elementor-widget-container\">\n\t\t\t\t\t\t\t\t\t<p data-start=\"117\" data-end=\"487\"><strong><em>Our tire selection follows a 5MM+ tread pattern standard, ensuring consistent performance and reliability across various applications.<\/em><\/strong><\/p>\t\t\t\t\t\t\t\t<\/div>\n\t\t\t\t<\/div>\n\t\t\t\t<div class=\"elementor-element elementor-element-cbf2905 exad-sticky-section-no exad-glass-effect-no elementor-widget elementor-widget-text-editor\" data-id=\"cbf2905\" data-element_type=\"widget\" data-e-type=\"widget\" data-widget_type=\"text-editor.default\">\n\t\t\t\t<div class=\"elementor-widget-container\">\n\t\t\t\t\t\t\t\t\t<p data-start=\"13734\" data-end=\"13933\">Each tire is individually air-checked, supported by four dedicated air-checking machines to guarantee proper pressure and quality control before distribution.<br \/>All tires undergo sidewall dryness inspection to maintain structural integrity and prevent premature cracking or deterioration.<\/p><p data-start=\"14371\" data-end=\"14557\">The tires are 100% summer tires. There are no winter tires in our inventory, ensuring clarity and consistency in seasonal product availability.\nOur stock consists of 70% to 80% well-known premium brands such as Michelin, Dunlop, and Continental, mixed with 20% to 30% carefully selected Chinese brands to provide both top-tier performance and competitive pricing options.<\/p>\t\t\t\t\t\t\t\t<\/div>\n\t\t\t\t<\/div>\n\t\t\t\t<\/div>\n\t\t\t\t\t<\/div>\n\t\t\t\t<\/div>\n\t\t<div class=\"aux-parallax-section has_ae_slider elementor-element elementor-element-780f84c e-flex e-con-boxed ae-bg-gallery-type-default e-con e-parent\" data-particle_enable=\"false\" data-particle-mobile-disabled=\"false\" data-id=\"780f84c\" data-element_type=\"container\" data-e-type=\"container\">\n\t\t\t\t\t<div class=\"e-con-inner\">\n\t\t<div data-particle_enable=\"false\" data-particle-mobile-disabled=\"false\" class=\"has_ae_slider elementor-element elementor-element-7d31e92 e-con-full e-flex ae-bg-gallery-type-default e-con e-child\" data-id=\"7d31e92\" data-element_type=\"container\" data-e-type=\"container\">\n\t\t\t\t<div class=\"elementor-element elementor-element-f618a76 exad-sticky-section-no exad-glass-effect-no elementor-widget elementor-widget-image\" data-id=\"f618a76\" data-element_type=\"widget\" data-e-type=\"widget\" data-widget_type=\"image.default\">\n\t\t\t\t<div class=\"elementor-widget-container\">\n\t\t\t\t\t\t\t\t\t\t\t\t\t\t\t<img decoding=\"async\" width=\"2560\" height=\"1440\" src=\"https:\/\/tirehs.com\/wp-content\/uploads\/2026\/02\/AdobeStock_404308379-edited-scaled-1.jpeg\" class=\"attachment-full size-full wp-image-351\" alt=\"\" srcset=\"https:\/\/tirehs.com\/wp-content\/uploads\/2026\/02\/AdobeStock_404308379-edited-scaled-1.jpeg 2560w, https:\/\/tirehs.com\/wp-content\/uploads\/2026\/02\/AdobeStock_404308379-edited-scaled-1-1536x864.jpeg 1536w, https:\/\/tirehs.com\/wp-content\/uploads\/2026\/02\/AdobeStock_404308379-edited-scaled-1-2048x1152.jpeg 2048w, https:\/\/tirehs.com\/wp-content\/uploads\/2026\/02\/AdobeStock_404308379-edited-scaled-1-18x10.jpeg 18w\" sizes=\"(max-width: 2560px) 100vw, 2560px\" \/>\t\t\t\t\t\t\t\t\t\t\t\t\t\t\t<\/div>\n\t\t\t\t<\/div>\n\t\t\t\t<\/div>\n\t\t<div data-particle_enable=\"false\" data-particle-mobile-disabled=\"false\" class=\"has_ae_slider elementor-element elementor-element-74be585 e-con-full e-flex ae-bg-gallery-type-default e-con e-child\" data-id=\"74be585\" data-element_type=\"container\" data-e-type=\"container\">\n\t\t\t\t<div class=\"elementor-element elementor-element-865d3c3 exad-sticky-section-no exad-glass-effect-no elementor-widget elementor-widget-heading\" data-id=\"865d3c3\" data-element_type=\"widget\" data-e-type=\"widget\" data-widget_type=\"heading.default\">\n\t\t\t\t<div class=\"elementor-widget-container\">\n\t\t\t\t\t<h2 class=\"elementor-heading-title elementor-size-default\">Passenger and Light Truck Tires<\/h2>\t\t\t\t<\/div>\n\t\t\t\t<\/div>\n\t\t\t\t<div class=\"elementor-element elementor-element-2f73b72 exad-sticky-section-no exad-glass-effect-no elementor-widget elementor-widget-text-editor\" data-id=\"2f73b72\" data-element_type=\"widget\" data-e-type=\"widget\" data-widget_type=\"text-editor.default\">\n\t\t\t\t<div class=\"elementor-widget-container\">\n\t\t\t\t\t\t\t\t\t<p data-start=\"117\" data-end=\"487\"><em><strong>At TireHS \/ GomasHS, our selection of passenger and light truck tires is engineered to deliver dependable performance, enhanced safety, and long-lasting durability. Each tire is carefully chosen to provide a smooth and confident ride in all driving conditions.<\/strong><\/em><\/p>\t\t\t\t\t\t\t\t<\/div>\n\t\t\t\t<\/div>\n\t\t\t\t<div class=\"elementor-element elementor-element-dc047b0 exad-sticky-section-no exad-glass-effect-no elementor-widget elementor-widget-text-editor\" data-id=\"dc047b0\" data-element_type=\"widget\" data-e-type=\"widget\" data-widget_type=\"text-editor.default\">\n\t\t\t\t<div class=\"elementor-widget-container\">\n\t\t\t\t\t\t\t\t\t<p data-start=\"117\" data-end=\"487\">Designed for daily driving, these tires offer excellent comfort, stability, and control, whether navigating urban streets or cruising on the highway. They are a reliable choice to keep your customers\u2019 vehicles performing at their best, mile after mile.<\/p>\t\t\t\t\t\t\t\t<\/div>\n\t\t\t\t<\/div>\n\t\t\t\t<\/div>\n\t\t\t\t\t<\/div>\n\t\t\t\t<\/div>\n\t\t<div class=\"aux-parallax-section has_ae_slider elementor-element elementor-element-7a3420e e-flex e-con-boxed ae-bg-gallery-type-default e-con e-parent\" data-particle_enable=\"false\" data-particle-mobile-disabled=\"false\" data-id=\"7a3420e\" data-element_type=\"container\" data-e-type=\"container\">\n\t\t\t\t\t<div class=\"e-con-inner\">\n\t\t<div data-particle_enable=\"false\" data-particle-mobile-disabled=\"false\" class=\"has_ae_slider elementor-element elementor-element-759e393 e-con-full e-flex ae-bg-gallery-type-default e-con e-child\" data-id=\"759e393\" data-element_type=\"container\" data-e-type=\"container\">\n\t\t\t\t<div class=\"elementor-element elementor-element-7e38e51 exad-sticky-section-no exad-glass-effect-no elementor-widget elementor-widget-image\" data-id=\"7e38e51\" data-element_type=\"widget\" data-e-type=\"widget\" data-widget_type=\"image.default\">\n\t\t\t\t<div class=\"elementor-widget-container\">\n\t\t\t\t\t\t\t\t\t\t\t\t\t\t\t<img decoding=\"async\" width=\"2048\" height=\"1152\" src=\"https:\/\/tirehs.com\/wp-content\/uploads\/2026\/02\/AdobeStock_210196275-2048x1152-1.jpeg\" class=\"attachment-full size-full wp-image-347\" alt=\"\" srcset=\"https:\/\/tirehs.com\/wp-content\/uploads\/2026\/02\/AdobeStock_210196275-2048x1152-1.jpeg 2048w, https:\/\/tirehs.com\/wp-content\/uploads\/2026\/02\/AdobeStock_210196275-2048x1152-1-1536x864.jpeg 1536w, https:\/\/tirehs.com\/wp-content\/uploads\/2026\/02\/AdobeStock_210196275-2048x1152-1-18x10.jpeg 18w\" sizes=\"(max-width: 2048px) 100vw, 2048px\" \/>\t\t\t\t\t\t\t\t\t\t\t\t\t\t\t<\/div>\n\t\t\t\t<\/div>\n\t\t\t\t<\/div>\n\t\t<div data-particle_enable=\"false\" data-particle-mobile-disabled=\"false\" class=\"has_ae_slider elementor-element elementor-element-ffafe61 e-con-full e-flex ae-bg-gallery-type-default e-con e-child\" data-id=\"ffafe61\" data-element_type=\"container\" data-e-type=\"container\">\n\t\t\t\t<div class=\"elementor-element elementor-element-f00840a exad-sticky-section-no exad-glass-effect-no elementor-widget elementor-widget-heading\" data-id=\"f00840a\" data-element_type=\"widget\" data-e-type=\"widget\" data-widget_type=\"heading.default\">\n\t\t\t\t<div class=\"elementor-widget-container\">\n\t\t\t\t\t<h2 class=\"elementor-heading-title elementor-size-default\">Medium Truck Tires<\/h2>\t\t\t\t<\/div>\n\t\t\t\t<\/div>\n\t\t\t\t<div class=\"elementor-element elementor-element-a091779 exad-sticky-section-no exad-glass-effect-no elementor-widget elementor-widget-text-editor\" data-id=\"a091779\" data-element_type=\"widget\" data-e-type=\"widget\" data-widget_type=\"text-editor.default\">\n\t\t\t\t<div class=\"elementor-widget-container\">\n\t\t\t\t\t\t\t\t\t<p data-start=\"117\" data-end=\"487\"><em><strong>TireHS \/ GomasHS offers medium truck tires built to meet the demands of commercial and fleet operations. These tires are designed for strength, stability, and consistent performance in heavy-duty applications.<\/strong><\/em><\/p>\t\t\t\t\t\t\t\t<\/div>\n\t\t\t\t<\/div>\n\t\t\t\t<div class=\"elementor-element elementor-element-3f131f6 exad-sticky-section-no exad-glass-effect-no elementor-widget elementor-widget-text-editor\" data-id=\"3f131f6\" data-element_type=\"widget\" data-e-type=\"widget\" data-widget_type=\"text-editor.default\">\n\t\t\t\t<div class=\"elementor-widget-container\">\n\t\t\t\t\t\t\t\t\t<p data-start=\"117\" data-end=\"487\">Engineered to support high load capacities and tough road conditions, they provide durability you can rely on while helping ensure safety and efficiency for your fleet customers over the long run.<\/p>\t\t\t\t\t\t\t\t<\/div>\n\t\t\t\t<\/div>\n\t\t\t\t<\/div>\n\t\t\t\t\t<\/div>\n\t\t\t\t<\/div>\n\t\t<div class=\"aux-parallax-section has_ae_slider elementor-element elementor-element-ea8a5a0 e-flex e-con-boxed ae-bg-gallery-type-default e-con e-parent\" data-particle_enable=\"false\" data-particle-mobile-disabled=\"false\" data-id=\"ea8a5a0\" data-element_type=\"container\" data-e-type=\"container\">\n\t\t\t\t\t<div class=\"e-con-inner\">\n\t\t<div data-particle_enable=\"false\" data-particle-mobile-disabled=\"false\" class=\"has_ae_slider elementor-element elementor-element-a258c5a e-con-full e-flex ae-bg-gallery-type-default e-con e-child\" data-id=\"a258c5a\" data-element_type=\"container\" data-e-type=\"container\">\n\t\t\t\t<div class=\"elementor-element elementor-element-ba8feb0 exad-sticky-section-no exad-glass-effect-no elementor-widget elementor-widget-image\" data-id=\"ba8feb0\" data-element_type=\"widget\" data-e-type=\"widget\" data-widget_type=\"image.default\">\n\t\t\t\t<div class=\"elementor-widget-container\">\n\t\t\t\t\t\t\t\t\t\t\t\t\t\t\t<img loading=\"lazy\" decoding=\"async\" width=\"2048\" height=\"1148\" src=\"https:\/\/tirehs.com\/wp-content\/uploads\/2026\/02\/AdobeStock_1074710447-2048x1148-2.jpeg\" class=\"attachment-full size-full wp-image-562\" alt=\"\" srcset=\"https:\/\/tirehs.com\/wp-content\/uploads\/2026\/02\/AdobeStock_1074710447-2048x1148-2.jpeg 2048w, https:\/\/tirehs.com\/wp-content\/uploads\/2026\/02\/AdobeStock_1074710447-2048x1148-2-1536x861.jpeg 1536w, https:\/\/tirehs.com\/wp-content\/uploads\/2026\/02\/AdobeStock_1074710447-2048x1148-2-18x10.jpeg 18w\" sizes=\"(max-width: 2048px) 100vw, 2048px\" \/>\t\t\t\t\t\t\t\t\t\t\t\t\t\t\t<\/div>\n\t\t\t\t<\/div>\n\t\t\t\t<\/div>\n\t\t<div data-particle_enable=\"false\" data-particle-mobile-disabled=\"false\" class=\"has_ae_slider elementor-element elementor-element-6478d29 e-con-full e-flex ae-bg-gallery-type-default e-con e-child\" data-id=\"6478d29\" data-element_type=\"container\" data-e-type=\"container\">\n\t\t\t\t<div class=\"elementor-element elementor-element-140e113 exad-sticky-section-no exad-glass-effect-no elementor-widget elementor-widget-heading\" data-id=\"140e113\" data-element_type=\"widget\" data-e-type=\"widget\" data-widget_type=\"heading.default\">\n\t\t\t\t<div class=\"elementor-widget-container\">\n\t\t\t\t\t<h2 class=\"elementor-heading-title elementor-size-default\">ATV<\/h2>\t\t\t\t<\/div>\n\t\t\t\t<\/div>\n\t\t\t\t<div class=\"elementor-element elementor-element-59fde31 exad-sticky-section-no exad-glass-effect-no elementor-widget elementor-widget-text-editor\" data-id=\"59fde31\" data-element_type=\"widget\" data-e-type=\"widget\" data-widget_type=\"text-editor.default\">\n\t\t\t\t<div class=\"elementor-widget-container\">\n\t\t\t\t\t\t\t\t\t<p data-start=\"117\" data-end=\"487\"><strong><em>For off-road enthusiasts, our ATV, lawn &amp; garden tires deliver excellent traction and durability across various terrains.<\/em><\/strong><\/p>\t\t\t\t\t\t\t\t<\/div>\n\t\t\t\t<\/div>\n\t\t\t\t<div class=\"elementor-element elementor-element-e9a10bf exad-sticky-section-no exad-glass-effect-no elementor-widget elementor-widget-text-editor\" data-id=\"e9a10bf\" data-element_type=\"widget\" data-e-type=\"widget\" data-widget_type=\"text-editor.default\">\n\t\t\t\t<div class=\"elementor-widget-container\">\n\t\t\t\t\t\t\t\t\t<p data-start=\"117\" data-end=\"487\">Whether for recreational vehicles or lawn equipment, these tires ensure smooth operation, giving your customers the reliability they need for outdoor activities and maintenance tasks.<\/p>\t\t\t\t\t\t\t\t<\/div>\n\t\t\t\t<\/div>\n\t\t\t\t<\/div>\n\t\t\t\t\t<\/div>\n\t\t\t\t<\/div>\n\t\t<div class=\"aux-parallax-section has_ae_slider elementor-element elementor-element-07d4c79 e-flex e-con-boxed ae-bg-gallery-type-default e-con e-parent\" data-particle_enable=\"false\" data-particle-mobile-disabled=\"false\" data-id=\"07d4c79\" data-element_type=\"container\" data-e-type=\"container\">\n\t\t\t\t\t<div class=\"e-con-inner\">\n\t\t<div data-particle_enable=\"false\" data-particle-mobile-disabled=\"false\" class=\"has_ae_slider elementor-element elementor-element-0c6b1bf e-con-full e-flex ae-bg-gallery-type-default e-con e-child\" data-id=\"0c6b1bf\" data-element_type=\"container\" data-e-type=\"container\">\n\t\t\t\t<div class=\"elementor-element elementor-element-b39f74e exad-sticky-section-no exad-glass-effect-no elementor-widget elementor-widget-image\" data-id=\"b39f74e\" data-element_type=\"widget\" data-e-type=\"widget\" data-widget_type=\"image.default\">\n\t\t\t\t<div class=\"elementor-widget-container\">\n\t\t\t\t\t\t\t\t\t\t\t\t\t\t\t<img loading=\"lazy\" decoding=\"async\" width=\"2048\" height=\"1239\" src=\"https:\/\/tirehs.com\/wp-content\/uploads\/2026\/02\/tubes-2048x1239-1.jpg\" class=\"attachment-full size-full wp-image-572\" alt=\"\" srcset=\"https:\/\/tirehs.com\/wp-content\/uploads\/2026\/02\/tubes-2048x1239-1.jpg 2048w, https:\/\/tirehs.com\/wp-content\/uploads\/2026\/02\/tubes-2048x1239-1-1536x929.jpg 1536w, https:\/\/tirehs.com\/wp-content\/uploads\/2026\/02\/tubes-2048x1239-1-18x12.jpg 18w\" sizes=\"(max-width: 2048px) 100vw, 2048px\" \/>\t\t\t\t\t\t\t\t\t\t\t\t\t\t\t<\/div>\n\t\t\t\t<\/div>\n\t\t\t\t<\/div>\n\t\t<div data-particle_enable=\"false\" data-particle-mobile-disabled=\"false\" class=\"has_ae_slider elementor-element elementor-element-79bf3fd e-con-full e-flex ae-bg-gallery-type-default e-con e-child\" data-id=\"79bf3fd\" data-element_type=\"container\" data-e-type=\"container\">\n\t\t\t\t<div class=\"elementor-element elementor-element-7938e3f exad-sticky-section-no exad-glass-effect-no elementor-widget elementor-widget-heading\" data-id=\"7938e3f\" data-element_type=\"widget\" data-e-type=\"widget\" data-widget_type=\"heading.default\">\n\t\t\t\t<div class=\"elementor-widget-container\">\n\t\t\t\t\t<h2 class=\"elementor-heading-title elementor-size-default\">Tubes<\/h2>\t\t\t\t<\/div>\n\t\t\t\t<\/div>\n\t\t\t\t<div class=\"elementor-element elementor-element-4d28f38 exad-sticky-section-no exad-glass-effect-no elementor-widget elementor-widget-text-editor\" data-id=\"4d28f38\" data-element_type=\"widget\" data-e-type=\"widget\" data-widget_type=\"text-editor.default\">\n\t\t\t\t<div class=\"elementor-widget-container\">\n\t\t\t\t\t\t\t\t\t<p data-start=\"117\" data-end=\"487\"><em><strong>We offer reliable and durable tubes that maintain air retention and resist wear and tear.<\/strong><\/em><\/p>\t\t\t\t\t\t\t\t<\/div>\n\t\t\t\t<\/div>\n\t\t\t\t<div class=\"elementor-element elementor-element-b98a4ad exad-sticky-section-no exad-glass-effect-no elementor-widget elementor-widget-text-editor\" data-id=\"b98a4ad\" data-element_type=\"widget\" data-e-type=\"widget\" data-widget_type=\"text-editor.default\">\n\t\t\t\t<div class=\"elementor-widget-container\">\n\t\t\t\t\t\t\t\t\t<p data-start=\"117\" data-end=\"487\">Whether your customers are using them in passenger, commercial, or agricultural tires, our tubes ensure optimal performance and tire longevity.<\/p>\t\t\t\t\t\t\t\t<\/div>\n\t\t\t\t<\/div>\n\t\t\t\t<\/div>\n\t\t\t\t\t<\/div>\n\t\t\t\t<\/div>\n\t\t\t\t<\/div>","protected":false},"excerpt":{"rendered":"<p>Soluciones de neum\u00e1ticos confiables para cada aplicaci\u00f3n En TireHS \/ GomasHS, ofrecemos una amplia gama de soluciones en neum\u00e1ticos dise\u00f1adas para respaldar una gran variedad de veh\u00edculos, industrias y entornos operativos. Ya sea para veh\u00edculos de pasajeros de uso diario, flotas comerciales ligeras o aplicaciones exigentes de servicio pesado, nuestros productos est\u00e1n seleccionados para ofrecer [&hellip;]<\/p>\n","protected":false},"author":1,"featured_media":0,"parent":0,"menu_order":0,"comment_status":"closed","ping_status":"closed","template":"","meta":{"footnotes":""},"class_list":["post-154","page","type-page","status-publish","hentry"],"_links":{"self":[{"href":"https:\/\/tirehs.com\/en\/wp-json\/wp\/v2\/pages\/154","targetHints":{"allow":["GET"]}}],"collection":[{"href":"https:\/\/tirehs.com\/en\/wp-json\/wp\/v2\/pages"}],"about":[{"href":"https:\/\/tirehs.com\/en\/wp-json\/wp\/v2\/types\/page"}],"author":[{"embeddable":true,"href":"https:\/\/tirehs.com\/en\/wp-json\/wp\/v2\/users\/1"}],"replies":[{"embeddable":true,"href":"https:\/\/tirehs.com\/en\/wp-json\/wp\/v2\/comments?post=154"}],"version-history":[{"count":47,"href":"https:\/\/tirehs.com\/en\/wp-json\/wp\/v2\/pages\/154\/revisions"}],"predecessor-version":[{"id":674,"href":"https:\/\/tirehs.com\/en\/wp-json\/wp\/v2\/pages\/154\/revisions\/674"}],"wp:attachment":[{"href":"https:\/\/tirehs.com\/en\/wp-json\/wp\/v2\/media?parent=154"}],"curies":[{"name":"wp","href":"https:\/\/api.w.org\/{rel}","templated":true}]}}