{"id":152,"date":"2026-02-08T18:05:32","date_gmt":"2026-02-08T18:05:32","guid":{"rendered":"https:\/\/tirehs.com\/?page_id=152"},"modified":"2026-04-24T04:07:36","modified_gmt":"2026-04-24T04:07:36","slug":"quienes-somos","status":"publish","type":"page","link":"https:\/\/tirehs.com\/en\/quienes-somos\/","title":{"rendered":"Who We Are"},"content":{"rendered":"<div data-elementor-type=\"wp-page\" data-elementor-id=\"152\" class=\"elementor elementor-152\" data-elementor-post-type=\"page\">\n\t\t\t\t<div class=\"aux-parallax-section has_ae_slider elementor-element elementor-element-9208f44 e-flex e-con-boxed ae-bg-gallery-type-default e-con e-parent\" data-particle_enable=\"false\" data-particle-mobile-disabled=\"false\" data-id=\"9208f44\" data-element_type=\"container\" data-e-type=\"container\">\n\t\t\t\t\t<div class=\"e-con-inner\">\n\t\t<div data-particle_enable=\"false\" data-particle-mobile-disabled=\"false\" class=\"has_ae_slider elementor-element elementor-element-b5dd548 e-con-full e-flex ae-bg-gallery-type-default e-con e-child\" data-id=\"b5dd548\" data-element_type=\"container\" data-e-type=\"container\" data-settings=\"{&quot;background_background&quot;:&quot;classic&quot;}\">\n\t\t\t\t<div class=\"elementor-element elementor-element-4ef854b exad-sticky-section-no exad-glass-effect-no elementor-widget elementor-widget-spacer\" data-id=\"4ef854b\" data-element_type=\"widget\" data-e-type=\"widget\" data-widget_type=\"spacer.default\">\n\t\t\t\t<div class=\"elementor-widget-container\">\n\t\t\t\t\t\t\t<div class=\"elementor-spacer\">\n\t\t\t<div class=\"elementor-spacer-inner\"><\/div>\n\t\t<\/div>\n\t\t\t\t\t\t<\/div>\n\t\t\t\t<\/div>\n\t\t\t\t<\/div>\n\t\t<div data-particle_enable=\"false\" data-particle-mobile-disabled=\"false\" class=\"has_ae_slider elementor-element elementor-element-8c1ac25 e-con-full e-flex ae-bg-gallery-type-default e-con e-child\" data-id=\"8c1ac25\" data-element_type=\"container\" data-e-type=\"container\">\n\t\t\t\t<div class=\"elementor-element elementor-element-093c992 aux-appear-watch-animation aux-fade-in-up exad-sticky-section-no exad-glass-effect-no elementor-widget elementor-widget-aux_modern_heading\" data-id=\"093c992\" data-element_type=\"widget\" data-e-type=\"widget\" data-widget_type=\"aux_modern_heading.default\">\n\t\t\t\t<div class=\"elementor-widget-container\">\n\t\t\t\t\t<section class=\"aux-widget-modern-heading\">\n            <div class=\"aux-widget-inner\"><h2 class=\"aux-modern-heading-primary\">Our Story<\/h2><h3 class=\"aux-modern-heading-secondary\"><span class=\"aux-head-highlight\">TireHS \/ GomasHS Has Established Itself as a Dependable Force in Tire Distribution<\/span><\/h3><div class=\"aux-modern-heading-divider\"><\/div><div class=\"aux-modern-heading-description\"><p data-start=\"312\" data-end=\"409\">Supporting independent garages, tire retailers, and mechanical centers across the country.<\/p><p data-start=\"411\" data-end=\"740\">From day one, our focus has been on delivering consistent service, practical expertise, and solutions tailored specifically to the needs of independent businesses. We understand the realities of the open market and build our approach around flexibility, reliability, and long-term value.<\/p><p data-start=\"742\" data-end=\"1140\">We work exclusively with independent operators, giving them access to a broad range of quality tires and wheels, competitive market pricing, and strategic support designed to help their businesses grow and remain competitive. More than a distributor, TireHS \/ GomasHS is a committed partner focused on building lasting relationships rooted in trust, performance, and mutual success.<\/p><p data-start=\"1142\" data-end=\"1286\">With TireHS \/ GomasHS, your business moves forward with confidence, supported by a team that understands the industry and stands behind you every step of the way.<\/p><\/div><\/div>\n        <\/section>\t\t\t\t<\/div>\n\t\t\t\t<\/div>\n\t\t\t\t<\/div>\n\t\t\t\t\t<\/div>\n\t\t\t\t<\/div>\n\t\t\t\t<section data-particle_enable=\"false\" data-particle-mobile-disabled=\"false\" class=\"has_ae_slider elementor-section elementor-top-section elementor-element elementor-element-294ddc31 elementor-section-stretched elementor-section-boxed elementor-section-height-default elementor-section-height-default exad-parallax-effect-no exad-background-color-change-no exad-glass-effect-no ae-bg-gallery-type-default exad-sticky-section-no\" data-exad-particle-enable=\"false\" data-id=\"294ddc31\" data-element_type=\"section\" data-e-type=\"section\" data-settings=\"{&quot;stretch_section&quot;:&quot;section-stretched&quot;,&quot;background_background&quot;:&quot;classic&quot;}\">\n\t\t\t\t\t\t<div class=\"elementor-container elementor-column-gap-narrow\">\n\t\t\t\t\t<div class=\"aux-parallax-section has_ae_slider elementor-column elementor-col-25 elementor-top-column elementor-element elementor-element-143fbd6c exad-glass-effect-no ae-bg-gallery-type-default exad-sticky-section-no\" data-id=\"143fbd6c\" data-element_type=\"column\" data-e-type=\"column\">\n\t\t\t<div class=\"elementor-widget-wrap elementor-element-populated\">\n\t\t\t\t\t\t<div class=\"elementor-element elementor-element-c75bfdd exad-sticky-section-no exad-glass-effect-no elementor-widget elementor-widget-pp-team-member\" data-id=\"c75bfdd\" data-element_type=\"widget\" data-e-type=\"widget\" data-widget_type=\"pp-team-member.default\">\n\t\t\t\t<div class=\"elementor-widget-container\">\n\t\t\t\t\t\t\t<div class=\"pp-tm-wrapper\">\n\t\t\t<div class=\"pp-tm\">\n\t\t\t\t<div class=\"pp-tm-image\"> \n\t\t\t\t\t<img fetchpriority=\"high\" decoding=\"async\" width=\"1024\" height=\"1024\" src=\"https:\/\/tirehs.com\/wp-content\/uploads\/2026\/04\/PHOTO-2026-04-21-23-25-28-1-1024x1024.png\" class=\"attachment-large size-large wp-image-774\" alt=\"\" srcset=\"https:\/\/tirehs.com\/wp-content\/uploads\/2026\/04\/PHOTO-2026-04-21-23-25-28-1-1024x1024.png 1024w, https:\/\/tirehs.com\/wp-content\/uploads\/2026\/04\/PHOTO-2026-04-21-23-25-28-1-300x300.png 300w, https:\/\/tirehs.com\/wp-content\/uploads\/2026\/04\/PHOTO-2026-04-21-23-25-28-1-150x150.png 150w, https:\/\/tirehs.com\/wp-content\/uploads\/2026\/04\/PHOTO-2026-04-21-23-25-28-1-768x768.png 768w, https:\/\/tirehs.com\/wp-content\/uploads\/2026\/04\/PHOTO-2026-04-21-23-25-28-1-11x12.png 11w\" \/>\n\t\t\t\t\t\t\t\t\t<\/div>\n\t\t\t\t<div class=\"pp-tm-content pp-tm-content-normal\">\n\t\t\t\t\t\t\t\t\t<h4 class=\"pp-tm-name\">\n\t\t\t\t\t\tBlanca Rincon Ramirez\t\t\t\t<\/h4>\n\t\t\t\t\t\t\t<div class=\"pp-tm-position\">\n\t\t\t\tCommercial Director\t\t\t<\/div>\n\t\t\t\t\t\t\t<\/div>\n\t\t\t<\/div>\n\t\t<\/div>\n\t\t\t\t\t\t<\/div>\n\t\t\t\t<\/div>\n\t\t\t\t\t<\/div>\n\t\t<\/div>\n\t\t\t\t<div class=\"aux-parallax-section has_ae_slider elementor-column elementor-col-25 elementor-top-column elementor-element elementor-element-127a205 exad-glass-effect-no ae-bg-gallery-type-default exad-sticky-section-no\" data-id=\"127a205\" data-element_type=\"column\" data-e-type=\"column\">\n\t\t\t<div class=\"elementor-widget-wrap elementor-element-populated\">\n\t\t\t\t\t\t<div class=\"elementor-element elementor-element-7295815 exad-sticky-section-no exad-glass-effect-no elementor-widget elementor-widget-pp-team-member\" data-id=\"7295815\" data-element_type=\"widget\" data-e-type=\"widget\" data-widget_type=\"pp-team-member.default\">\n\t\t\t\t<div class=\"elementor-widget-container\">\n\t\t\t\t\t\t\t<div class=\"pp-tm-wrapper\">\n\t\t\t<div class=\"pp-tm\">\n\t\t\t\t<div class=\"pp-tm-image\"> \n\t\t\t\t\t<img decoding=\"async\" width=\"430\" height=\"427\" src=\"https:\/\/tirehs.com\/wp-content\/uploads\/2026\/02\/Semi.png\" class=\"attachment-medium_large size-medium_large wp-image-615\" alt=\"\" srcset=\"https:\/\/tirehs.com\/wp-content\/uploads\/2026\/02\/Semi.png 430w, https:\/\/tirehs.com\/wp-content\/uploads\/2026\/02\/Semi-150x150.png 150w, https:\/\/tirehs.com\/wp-content\/uploads\/2026\/02\/Semi-12x12.png 12w\" \/>\n\t\t\t\t\t\t\t\t\t<\/div>\n\t\t\t\t<div class=\"pp-tm-content pp-tm-content-normal\">\n\t\t\t\t\t\t\t\t\t<h4 class=\"pp-tm-name\">\n\t\t\t\t\t\tJoseph Tawite\t\t\t\t<\/h4>\n\t\t\t\t\t\t\t<div class=\"pp-tm-position\">\n\t\t\t\tCo-Chief Executive              \t\t\t<\/div>\n\t\t\t\t\t\t\t<\/div>\n\t\t\t<\/div>\n\t\t<\/div>\n\t\t\t\t\t\t<\/div>\n\t\t\t\t<\/div>\n\t\t\t\t\t<\/div>\n\t\t<\/div>\n\t\t\t\t<div class=\"aux-parallax-section has_ae_slider elementor-column elementor-col-25 elementor-top-column elementor-element elementor-element-209a1c8 exad-glass-effect-no ae-bg-gallery-type-default exad-sticky-section-no\" data-id=\"209a1c8\" data-element_type=\"column\" data-e-type=\"column\">\n\t\t\t<div class=\"elementor-widget-wrap elementor-element-populated\">\n\t\t\t\t\t\t<div class=\"elementor-element elementor-element-8b047e8 exad-sticky-section-no exad-glass-effect-no elementor-widget elementor-widget-pp-team-member\" data-id=\"8b047e8\" data-element_type=\"widget\" data-e-type=\"widget\" data-widget_type=\"pp-team-member.default\">\n\t\t\t\t<div class=\"elementor-widget-container\">\n\t\t\t\t\t\t\t<div class=\"pp-tm-wrapper\">\n\t\t\t<div class=\"pp-tm\">\n\t\t\t\t<div class=\"pp-tm-image\"> \n\t\t\t\t\t<img decoding=\"async\" width=\"430\" height=\"427\" src=\"https:\/\/tirehs.com\/wp-content\/uploads\/2026\/02\/LAdy-1.png\" class=\"attachment-medium_large size-medium_large wp-image-668\" alt=\"\" srcset=\"https:\/\/tirehs.com\/wp-content\/uploads\/2026\/02\/LAdy-1.png 430w, https:\/\/tirehs.com\/wp-content\/uploads\/2026\/02\/LAdy-1-150x150.png 150w, https:\/\/tirehs.com\/wp-content\/uploads\/2026\/02\/LAdy-1-12x12.png 12w\" \/>\n\t\t\t\t\t\t\t\t\t<\/div>\n\t\t\t\t<div class=\"pp-tm-content pp-tm-content-normal\">\n\t\t\t\t\t\t\t\t\t<h4 class=\"pp-tm-name\">\n\t\t\t\t\t\tLaura Cifuentes Salinas\t\t\t\t<\/h4>\n\t\t\t\t\t\t\t<div class=\"pp-tm-position\">\n\t\t\t\tCo-Chief Executive Officer and Chief Operating Officer\t\t\t<\/div>\n\t\t\t\t\t\t\t<\/div>\n\t\t\t<\/div>\n\t\t<\/div>\n\t\t\t\t\t\t<\/div>\n\t\t\t\t<\/div>\n\t\t\t\t\t<\/div>\n\t\t<\/div>\n\t\t\t\t<div class=\"aux-parallax-section has_ae_slider elementor-column elementor-col-25 elementor-top-column elementor-element elementor-element-e61c515 exad-glass-effect-no ae-bg-gallery-type-default exad-sticky-section-no\" data-id=\"e61c515\" data-element_type=\"column\" data-e-type=\"column\">\n\t\t\t<div class=\"elementor-widget-wrap\">\n\t\t\t\t\t\t\t<\/div>\n\t\t<\/div>\n\t\t\t\t\t<\/div>\n\t\t<\/section>\n\t\t<div class=\"aux-parallax-section has_ae_slider elementor-element elementor-element-8c4a047 e-flex e-con-boxed ae-bg-gallery-type-default e-con e-parent\" data-particle_enable=\"false\" data-particle-mobile-disabled=\"false\" data-id=\"8c4a047\" data-element_type=\"container\" data-e-type=\"container\">\n\t\t\t\t\t<div class=\"e-con-inner\">\n\t\t<div data-particle_enable=\"false\" data-particle-mobile-disabled=\"false\" class=\"has_ae_slider elementor-element elementor-element-452b1af e-con-full e-flex ae-bg-gallery-type-default e-con e-child\" data-id=\"452b1af\" data-element_type=\"container\" data-e-type=\"container\">\n\t\t\t\t<div class=\"elementor-element elementor-element-ea2ee32 aux-appear-watch-animation aux-fade-in-up exad-sticky-section-no exad-glass-effect-no elementor-widget elementor-widget-aux_modern_heading\" data-id=\"ea2ee32\" data-element_type=\"widget\" data-e-type=\"widget\" data-widget_type=\"aux_modern_heading.default\">\n\t\t\t\t<div class=\"elementor-widget-container\">\n\t\t\t\t\t<section class=\"aux-widget-modern-heading\">\n            <div class=\"aux-widget-inner\"><h2 class=\"aux-modern-heading-primary\">OUR COMMITMENT TO ESG<\/h2><h3 class=\"aux-modern-heading-secondary\"><span class=\"aux-head-highlight\">At TireHS \/ GomasHS, Sustainability Is an Integral Part of How We Operate and Grow.<\/span><\/h3><div class=\"aux-modern-heading-divider\"><\/div><div class=\"aux-modern-heading-description\"><p data-start=\"1450\" data-end=\"1622\">Our approach is built around four core pillars: responsible tire management, environmental progress, people and communities, and strong corporate governance.<\/p><p data-start=\"1624\" data-end=\"1646\"><strong>Environmental Commitment<\/strong><\/p><p data-start=\"1648\" data-end=\"1879\">We actively reduce our environmental footprint by promoting responsible tire lifecycle management, supporting circular economy initiatives, and integrating more sustainable practices throughout our operations.<\/p><p data-start=\"1881\" data-end=\"1905\"><strong>People and Communities<\/strong><\/p><p data-start=\"1907\" data-end=\"2177\">We are committed to creating a safe, inclusive, and respectful work environment while contributing positively to the communities we serve. By investing in people, we help build stronger, more resilient local networks.<\/p><p data-start=\"2179\" data-end=\"2204\"><strong>Governance and Integrity<\/strong><\/p><p data-start=\"2206\" data-end=\"2420\">TireHS \/ GomasHS operates with a strong foundation of transparency, accountability, and ethical standards. We ensure compliance and responsible decision-making across all levels of the organization.<\/p><p data-start=\"2422\" data-end=\"2596\">By embedding ESG principles into our strategy, TireHS \/ GomasHS aims to create long-term value, support industry progress, and contribute to a more sustainable future.<\/p><\/div><\/div>\n        <\/section>\t\t\t\t<\/div>\n\t\t\t\t<\/div>\n\t\t\t\t<\/div>\n\t\t<div data-particle_enable=\"false\" data-particle-mobile-disabled=\"false\" class=\"has_ae_slider elementor-element elementor-element-b375634 e-con-full e-flex ae-bg-gallery-type-default e-con e-child\" data-id=\"b375634\" data-element_type=\"container\" data-e-type=\"container\" data-settings=\"{&quot;background_background&quot;:&quot;classic&quot;}\">\n\t\t\t\t<div class=\"elementor-element elementor-element-369e860 exad-sticky-section-no exad-glass-effect-no elementor-widget elementor-widget-spacer\" data-id=\"369e860\" data-element_type=\"widget\" data-e-type=\"widget\" data-widget_type=\"spacer.default\">\n\t\t\t\t<div class=\"elementor-widget-container\">\n\t\t\t\t\t\t\t<div class=\"elementor-spacer\">\n\t\t\t<div class=\"elementor-spacer-inner\"><\/div>\n\t\t<\/div>\n\t\t\t\t\t\t<\/div>\n\t\t\t\t<\/div>\n\t\t\t\t<\/div>\n\t\t\t\t\t<\/div>\n\t\t\t\t<\/div>\n\t\t\t\t<\/div>","protected":false},"excerpt":{"rendered":"<p>NUESTRA HISTORIA TireHS \/ GomasHS Se Ha Consolidado Como Una Fuerza Confiable En La Distribuci\u00f3n De Neum\u00e1ticos Apoyando a talleres independientes, minoristas de neum\u00e1ticos y centros mec\u00e1nicos en todo el pa\u00eds. Desde el primer d\u00eda, nuestro enfoque ha sido ofrecer un servicio constante, experiencia pr\u00e1ctica y soluciones adaptadas espec\u00edficamente a las necesidades de los negocios [&hellip;]<\/p>\n","protected":false},"author":1,"featured_media":0,"parent":0,"menu_order":0,"comment_status":"closed","ping_status":"closed","template":"","meta":{"footnotes":""},"class_list":["post-152","page","type-page","status-publish","hentry"],"_links":{"self":[{"href":"https:\/\/tirehs.com\/en\/wp-json\/wp\/v2\/pages\/152","targetHints":{"allow":["GET"]}}],"collection":[{"href":"https:\/\/tirehs.com\/en\/wp-json\/wp\/v2\/pages"}],"about":[{"href":"https:\/\/tirehs.com\/en\/wp-json\/wp\/v2\/types\/page"}],"author":[{"embeddable":true,"href":"https:\/\/tirehs.com\/en\/wp-json\/wp\/v2\/users\/1"}],"replies":[{"embeddable":true,"href":"https:\/\/tirehs.com\/en\/wp-json\/wp\/v2\/comments?post=152"}],"version-history":[{"count":71,"href":"https:\/\/tirehs.com\/en\/wp-json\/wp\/v2\/pages\/152\/revisions"}],"predecessor-version":[{"id":783,"href":"https:\/\/tirehs.com\/en\/wp-json\/wp\/v2\/pages\/152\/revisions\/783"}],"wp:attachment":[{"href":"https:\/\/tirehs.com\/en\/wp-json\/wp\/v2\/media?parent=152"}],"curies":[{"name":"wp","href":"https:\/\/api.w.org\/{rel}","templated":true}]}}